{"id":86,"date":"2020-08-31T00:58:31","date_gmt":"2020-08-30T22:58:31","guid":{"rendered":"http:\/\/atelier-images-peripheriques.fr\/?page_id=86"},"modified":"2025-10-08T10:21:03","modified_gmt":"2025-10-08T08:21:03","slug":"cours-adultes","status":"publish","type":"page","link":"https:\/\/atelier-images-peripheriques.fr\/?page_id=86","title":{"rendered":"Cours adultes"},"content":{"rendered":"\n<figure class=\"wp-block-image size-large is-resized\"><img loading=\"lazy\" decoding=\"async\" width=\"1024\" height=\"768\" src=\"http:\/\/atelier-images-peripheriques.fr\/wp-content\/uploads\/2021\/10\/Imagesperipheriques-atelierdedessinLouvre2017-IMG_5374-1024x768.jpg\" alt=\"\" class=\"wp-image-249\" style=\"width:561px;height:420px\" srcset=\"https:\/\/atelier-images-peripheriques.fr\/wp-content\/uploads\/2021\/10\/Imagesperipheriques-atelierdedessinLouvre2017-IMG_5374-1024x768.jpg 1024w, https:\/\/atelier-images-peripheriques.fr\/wp-content\/uploads\/2021\/10\/Imagesperipheriques-atelierdedessinLouvre2017-IMG_5374-300x225.jpg 300w, https:\/\/atelier-images-peripheriques.fr\/wp-content\/uploads\/2021\/10\/Imagesperipheriques-atelierdedessinLouvre2017-IMG_5374-768x576.jpg 768w, https:\/\/atelier-images-peripheriques.fr\/wp-content\/uploads\/2021\/10\/Imagesperipheriques-atelierdedessinLouvre2017-IMG_5374-1536x1152.jpg 1536w, https:\/\/atelier-images-peripheriques.fr\/wp-content\/uploads\/2021\/10\/Imagesperipheriques-atelierdedessinLouvre2017-IMG_5374.jpg 1600w\" sizes=\"auto, (max-width: 706px) 89vw, (max-width: 767px) 82vw, 740px\" \/><figcaption class=\"wp-element-caption\">atelier Images p\u00e9riph\u00e9riques \/ cours adultes \/ dessin au Louvre.<\/figcaption><\/figure>\n\n\n\n<blockquote class=\"wp-block-quote is-layout-flow wp-block-quote-is-layout-flow\">\n<p><strong>Cours en atelier et dans les mus\u00e9es<\/strong><br>ici s\u00e9ance de dessin en Mus\u00e9e. Les mod\u00e8les sont nombreux, les \u0153uvres permettent d\u2019aborder l\u2019anatomie, d\u2019analyser les structures corporelles, les postures,  avec une initiation pratique aux bases du dessin, comment appr\u00e9hender la construction, analyser les proportions, et concevoir avec les valeurs l&rsquo;expression des volumes. Cours de deux heures en petits groupes de quatre \u00e0 cinq participants, ouvert aux + de 16 ans. <\/p>\n\n\n\n<p>><strong> Vendredi de 14h00 \u00e0 16h00<\/strong><\/p>\n\n\n\n<p><strong>Niveau:<\/strong> Tous niveaux, et d\u00e9butants <\/p>\n\n\n\n<p><strong>Cours particulier<\/strong>: cours de 2 heures en atelier et mus\u00e9es: 80\u20ac<\/p>\n\n\n\n<p><strong>Cours collectif <\/strong>: <strong>Forfait<\/strong> <strong>un Trimestre<\/strong> soit 10 cours de 2 heures : 450 euros<\/p>\n\n\n\n<p><strong>Les fournitures de base sont comprises dans ces tarifs<\/strong> : crayons, mines de plomb, fusains, sanguines, craies noires, papiers kraft, papier 50\u00d760, couleurs primaires, pinceaux, encre.<\/p>\n<\/blockquote>\n\n\n\n<p>Cr\u00e9dit photo: Atelier images p\u00e9riph\u00e9riques<\/p>\n\n\n\n<p><\/p>\n","protected":false},"excerpt":{"rendered":"<p>Cours en atelier et dans les mus\u00e9esici s\u00e9ance de dessin en Mus\u00e9e. Les mod\u00e8les sont nombreux, les \u0153uvres permettent d\u2019aborder l\u2019anatomie, d\u2019analyser les structures corporelles, les postures, avec une initiation pratique aux bases du dessin, comment appr\u00e9hender la construction, analyser les proportions, et concevoir avec les valeurs l&rsquo;expression des volumes. Cours de deux heures en &hellip; <\/p>\n<p class=\"link-more\"><a href=\"https:\/\/atelier-images-peripheriques.fr\/?page_id=86\" class=\"more-link\">Continuer la lecture<span class=\"screen-reader-text\"> de &laquo;&nbsp;Cours adultes&nbsp;&raquo;<\/span><\/a><\/p>\n","protected":false},"author":1,"featured_media":0,"parent":0,"menu_order":0,"comment_status":"closed","ping_status":"closed","template":"","meta":{"footnotes":""},"class_list":["post-86","page","type-page","status-publish","hentry"],"yoast_head":"<!-- This site is optimized with the Yoast SEO plugin v24.2 - https:\/\/yoast.com\/wordpress\/plugins\/seo\/ -->\n<title>Cours adultes - Atelier Images p\u00e9ripheriques<\/title>\n<meta name=\"robots\" content=\"index, follow, max-snippet:-1, max-image-preview:large, max-video-preview:-1\" \/>\n<link rel=\"canonical\" href=\"https:\/\/atelier-images-peripheriques.fr\/?page_id=86\" \/>\n<meta property=\"og:locale\" content=\"fr_FR\" \/>\n<meta property=\"og:type\" content=\"article\" \/>\n<meta property=\"og:title\" content=\"Cours adultes - Atelier Images p\u00e9ripheriques\" \/>\n<meta property=\"og:description\" content=\"Cours en atelier et dans les mus\u00e9esici s\u00e9ance de dessin en Mus\u00e9e. Les mod\u00e8les sont nombreux, les \u0153uvres permettent d\u2019aborder l\u2019anatomie, d\u2019analyser les structures corporelles, les postures, avec une initiation pratique aux bases du dessin, comment appr\u00e9hender la construction, analyser les proportions, et concevoir avec les valeurs l&rsquo;expression des volumes. Cours de deux heures en &hellip; Continuer la lecture de &laquo;&nbsp;Cours adultes&nbsp;&raquo;\" \/>\n<meta property=\"og:url\" content=\"https:\/\/atelier-images-peripheriques.fr\/?page_id=86\" \/>\n<meta property=\"og:site_name\" content=\"Atelier Images p\u00e9ripheriques\" \/>\n<meta property=\"article:modified_time\" content=\"2025-10-08T08:21:03+00:00\" \/>\n<meta property=\"og:image\" content=\"http:\/\/atelier-images-peripheriques.fr\/wp-content\/uploads\/2021\/10\/Imagesperipheriques-atelierdedessinLouvre2017-IMG_5374-1024x768.jpg\" \/>\n<meta name=\"twitter:card\" content=\"summary_large_image\" \/>\n<meta name=\"twitter:label1\" content=\"Dur\u00e9e de lecture estim\u00e9e\" \/>\n\t<meta name=\"twitter:data1\" content=\"1 minute\" \/>\n<script type=\"application\/ld+json\" class=\"yoast-schema-graph\">{\"@context\":\"https:\/\/schema.org\",\"@graph\":[{\"@type\":\"WebPage\",\"@id\":\"https:\/\/atelier-images-peripheriques.fr\/?page_id=86\",\"url\":\"https:\/\/atelier-images-peripheriques.fr\/?page_id=86\",\"name\":\"Cours adultes - Atelier Images p\u00e9ripheriques\",\"isPartOf\":{\"@id\":\"https:\/\/atelier-images-peripheriques.fr\/#website\"},\"primaryImageOfPage\":{\"@id\":\"https:\/\/atelier-images-peripheriques.fr\/?page_id=86#primaryimage\"},\"image\":{\"@id\":\"https:\/\/atelier-images-peripheriques.fr\/?page_id=86#primaryimage\"},\"thumbnailUrl\":\"http:\/\/atelier-images-peripheriques.fr\/wp-content\/uploads\/2021\/10\/Imagesperipheriques-atelierdedessinLouvre2017-IMG_5374-1024x768.jpg\",\"datePublished\":\"2020-08-30T22:58:31+00:00\",\"dateModified\":\"2025-10-08T08:21:03+00:00\",\"breadcrumb\":{\"@id\":\"https:\/\/atelier-images-peripheriques.fr\/?page_id=86#breadcrumb\"},\"inLanguage\":\"fr-FR\",\"potentialAction\":[{\"@type\":\"ReadAction\",\"target\":[\"https:\/\/atelier-images-peripheriques.fr\/?page_id=86\"]}]},{\"@type\":\"ImageObject\",\"inLanguage\":\"fr-FR\",\"@id\":\"https:\/\/atelier-images-peripheriques.fr\/?page_id=86#primaryimage\",\"url\":\"https:\/\/atelier-images-peripheriques.fr\/wp-content\/uploads\/2021\/10\/Imagesperipheriques-atelierdedessinLouvre2017-IMG_5374.jpg\",\"contentUrl\":\"https:\/\/atelier-images-peripheriques.fr\/wp-content\/uploads\/2021\/10\/Imagesperipheriques-atelierdedessinLouvre2017-IMG_5374.jpg\",\"width\":1600,\"height\":1200},{\"@type\":\"BreadcrumbList\",\"@id\":\"https:\/\/atelier-images-peripheriques.fr\/?page_id=86#breadcrumb\",\"itemListElement\":[{\"@type\":\"ListItem\",\"position\":1,\"name\":\"Accueil\",\"item\":\"https:\/\/atelier-images-peripheriques.fr\/\"},{\"@type\":\"ListItem\",\"position\":2,\"name\":\"Cours adultes\"}]},{\"@type\":\"WebSite\",\"@id\":\"https:\/\/atelier-images-peripheriques.fr\/#website\",\"url\":\"https:\/\/atelier-images-peripheriques.fr\/\",\"name\":\"Atelier Images p\u00e9ripheriques\",\"description\":\"Atelier d&#039;artistes \/ Espace d&#039;exposition \u00e0 Bagnolet\",\"potentialAction\":[{\"@type\":\"SearchAction\",\"target\":{\"@type\":\"EntryPoint\",\"urlTemplate\":\"https:\/\/atelier-images-peripheriques.fr\/?s={search_term_string}\"},\"query-input\":{\"@type\":\"PropertyValueSpecification\",\"valueRequired\":true,\"valueName\":\"search_term_string\"}}],\"inLanguage\":\"fr-FR\"}]}<\/script>\n<!-- \/ Yoast SEO plugin. -->","yoast_head_json":{"title":"Cours adultes - Atelier Images p\u00e9ripheriques","robots":{"index":"index","follow":"follow","max-snippet":"max-snippet:-1","max-image-preview":"max-image-preview:large","max-video-preview":"max-video-preview:-1"},"canonical":"https:\/\/atelier-images-peripheriques.fr\/?page_id=86","og_locale":"fr_FR","og_type":"article","og_title":"Cours adultes - Atelier Images p\u00e9ripheriques","og_description":"Cours en atelier et dans les mus\u00e9esici s\u00e9ance de dessin en Mus\u00e9e. Les mod\u00e8les sont nombreux, les \u0153uvres permettent d\u2019aborder l\u2019anatomie, d\u2019analyser les structures corporelles, les postures, avec une initiation pratique aux bases du dessin, comment appr\u00e9hender la construction, analyser les proportions, et concevoir avec les valeurs l&rsquo;expression des volumes. Cours de deux heures en &hellip; Continuer la lecture de &laquo;&nbsp;Cours adultes&nbsp;&raquo;","og_url":"https:\/\/atelier-images-peripheriques.fr\/?page_id=86","og_site_name":"Atelier Images p\u00e9ripheriques","article_modified_time":"2025-10-08T08:21:03+00:00","og_image":[{"url":"http:\/\/atelier-images-peripheriques.fr\/wp-content\/uploads\/2021\/10\/Imagesperipheriques-atelierdedessinLouvre2017-IMG_5374-1024x768.jpg","type":"","width":"","height":""}],"twitter_card":"summary_large_image","twitter_misc":{"Dur\u00e9e de lecture estim\u00e9e":"1 minute"},"schema":{"@context":"https:\/\/schema.org","@graph":[{"@type":"WebPage","@id":"https:\/\/atelier-images-peripheriques.fr\/?page_id=86","url":"https:\/\/atelier-images-peripheriques.fr\/?page_id=86","name":"Cours adultes - Atelier Images p\u00e9ripheriques","isPartOf":{"@id":"https:\/\/atelier-images-peripheriques.fr\/#website"},"primaryImageOfPage":{"@id":"https:\/\/atelier-images-peripheriques.fr\/?page_id=86#primaryimage"},"image":{"@id":"https:\/\/atelier-images-peripheriques.fr\/?page_id=86#primaryimage"},"thumbnailUrl":"http:\/\/atelier-images-peripheriques.fr\/wp-content\/uploads\/2021\/10\/Imagesperipheriques-atelierdedessinLouvre2017-IMG_5374-1024x768.jpg","datePublished":"2020-08-30T22:58:31+00:00","dateModified":"2025-10-08T08:21:03+00:00","breadcrumb":{"@id":"https:\/\/atelier-images-peripheriques.fr\/?page_id=86#breadcrumb"},"inLanguage":"fr-FR","potentialAction":[{"@type":"ReadAction","target":["https:\/\/atelier-images-peripheriques.fr\/?page_id=86"]}]},{"@type":"ImageObject","inLanguage":"fr-FR","@id":"https:\/\/atelier-images-peripheriques.fr\/?page_id=86#primaryimage","url":"https:\/\/atelier-images-peripheriques.fr\/wp-content\/uploads\/2021\/10\/Imagesperipheriques-atelierdedessinLouvre2017-IMG_5374.jpg","contentUrl":"https:\/\/atelier-images-peripheriques.fr\/wp-content\/uploads\/2021\/10\/Imagesperipheriques-atelierdedessinLouvre2017-IMG_5374.jpg","width":1600,"height":1200},{"@type":"BreadcrumbList","@id":"https:\/\/atelier-images-peripheriques.fr\/?page_id=86#breadcrumb","itemListElement":[{"@type":"ListItem","position":1,"name":"Accueil","item":"https:\/\/atelier-images-peripheriques.fr\/"},{"@type":"ListItem","position":2,"name":"Cours adultes"}]},{"@type":"WebSite","@id":"https:\/\/atelier-images-peripheriques.fr\/#website","url":"https:\/\/atelier-images-peripheriques.fr\/","name":"Atelier Images p\u00e9ripheriques","description":"Atelier d&#039;artistes \/ Espace d&#039;exposition \u00e0 Bagnolet","potentialAction":[{"@type":"SearchAction","target":{"@type":"EntryPoint","urlTemplate":"https:\/\/atelier-images-peripheriques.fr\/?s={search_term_string}"},"query-input":{"@type":"PropertyValueSpecification","valueRequired":true,"valueName":"search_term_string"}}],"inLanguage":"fr-FR"}]}},"_links":{"self":[{"href":"https:\/\/atelier-images-peripheriques.fr\/index.php?rest_route=\/wp\/v2\/pages\/86","targetHints":{"allow":["GET"]}}],"collection":[{"href":"https:\/\/atelier-images-peripheriques.fr\/index.php?rest_route=\/wp\/v2\/pages"}],"about":[{"href":"https:\/\/atelier-images-peripheriques.fr\/index.php?rest_route=\/wp\/v2\/types\/page"}],"author":[{"embeddable":true,"href":"https:\/\/atelier-images-peripheriques.fr\/index.php?rest_route=\/wp\/v2\/users\/1"}],"replies":[{"embeddable":true,"href":"https:\/\/atelier-images-peripheriques.fr\/index.php?rest_route=%2Fwp%2Fv2%2Fcomments&post=86"}],"version-history":[{"count":26,"href":"https:\/\/atelier-images-peripheriques.fr\/index.php?rest_route=\/wp\/v2\/pages\/86\/revisions"}],"predecessor-version":[{"id":748,"href":"https:\/\/atelier-images-peripheriques.fr\/index.php?rest_route=\/wp\/v2\/pages\/86\/revisions\/748"}],"wp:attachment":[{"href":"https:\/\/atelier-images-peripheriques.fr\/index.php?rest_route=%2Fwp%2Fv2%2Fmedia&parent=86"}],"curies":[{"name":"wp","href":"https:\/\/api.w.org\/{rel}","templated":true}]}}