{"id":84,"date":"2020-08-31T00:58:20","date_gmt":"2020-08-30T22:58:20","guid":{"rendered":"http:\/\/atelier-images-peripheriques.fr\/?page_id=84"},"modified":"2025-10-08T10:17:46","modified_gmt":"2025-10-08T08:17:46","slug":"cours-ados","status":"publish","type":"page","link":"https:\/\/atelier-images-peripheriques.fr\/?page_id=84","title":{"rendered":"Cours ados"},"content":{"rendered":"<div class=\"wp-block-image\">\n<figure class=\"alignleft size-large is-resized\"><img loading=\"lazy\" decoding=\"async\" width=\"480\" height=\"640\" src=\"http:\/\/atelier-images-peripheriques.fr\/wp-content\/uploads\/2021\/10\/atelier-images-peripheriques-cours-ados-DSCF0213.jpg\" alt=\"\" class=\"wp-image-234\" style=\"width:476px;height:633px\" srcset=\"https:\/\/atelier-images-peripheriques.fr\/wp-content\/uploads\/2021\/10\/atelier-images-peripheriques-cours-ados-DSCF0213.jpg 480w, https:\/\/atelier-images-peripheriques.fr\/wp-content\/uploads\/2021\/10\/atelier-images-peripheriques-cours-ados-DSCF0213-225x300.jpg 225w\" sizes=\"auto, (max-width: 480px) 100vw, 480px\" \/><figcaption class=\"wp-element-caption\"><em>atelier Images p\u00e9riph\u00e9riques \/ cours de dessin nature morte<\/em><\/figcaption><\/figure>\n<\/div>\n\n\n<p>Initiation pratique, l&rsquo;objectif est d&rsquo;acqu\u00e9rir les bases du dessin, afin de constituer un dossier pour passer un concours, ou bien d\u00e9velopper un projet personnel dans le cadre d&rsquo;un cursus artistique. <\/p>\n\n\n\n<p>Sont abord\u00e9s dans le cadre de cet atelier diverses techniques, passant en particulier pour les d\u00e9butants par l&rsquo;apprentissage de la construction, des proportions, les \u00e9tapes  sont la pratique du cadrage, l&rsquo;observation fine de la composition, la retranscription analytique. En visitant tous les genres d&rsquo;expressions li\u00e9es aux arts plastiques, le trait est une exp\u00e9rience unique de d\u00e9veloppement personnel. <\/p>\n\n\n\n<p><strong>Techniques<\/strong> : crayon, mine de plomb, sanguine, encre. Sur format raisin 50 x 60 : exercice de construction, apprentissage des proportions, nature morte.<\/p>\n\n\n\n<p> vendredi 14h00 \u00e0 16h00 > adolescents, jeunes adultes<\/p>\n\n\n\n<p><strong>Niveau: <\/strong>d\u00e9butants <\/p>\n\n\n\n<p><strong>Pr\u00e9requis <\/strong>:+ 13 ans<\/p>\n\n\n\n<p><strong>Cours particulier <\/strong>: cours de deux heures, atelier et mus\u00e9es: 80\u20ac<\/p>\n\n\n\n<p><strong>Cours collectif <\/strong>> <strong>Forfait trimestriel <\/strong> : 10 cours de 2 heures \/ 20 heures : 450 euros (\u00e0 utiliser sur un trimestre)<\/p>\n\n\n\n<p><strong>Les fournitures de base sont comprises dans ces tarifs<\/strong>: crayons, mines de plomb, fusains, sanguines, craies noires, papiers kraft, papier 50&#215;60, couleurs primaires, pinceaux, encre<\/p>\n\n\n\n<p>Cr\u00e9dit photo: Atelier images p\u00e9riph\u00e9riques <\/p>\n\n\n\n<p><\/p>\n","protected":false},"excerpt":{"rendered":"<p>Initiation pratique, l&rsquo;objectif est d&rsquo;acqu\u00e9rir les bases du dessin, afin de constituer un dossier pour passer un concours, ou bien d\u00e9velopper un projet personnel dans le cadre d&rsquo;un cursus artistique. Sont abord\u00e9s dans le cadre de cet atelier diverses techniques, passant en particulier pour les d\u00e9butants par l&rsquo;apprentissage de la construction, des proportions, les \u00e9tapes &hellip; <\/p>\n<p class=\"link-more\"><a href=\"https:\/\/atelier-images-peripheriques.fr\/?page_id=84\" class=\"more-link\">Continuer la lecture<span class=\"screen-reader-text\"> de &laquo;&nbsp;Cours ados&nbsp;&raquo;<\/span><\/a><\/p>\n","protected":false},"author":1,"featured_media":0,"parent":0,"menu_order":0,"comment_status":"closed","ping_status":"closed","template":"","meta":{"footnotes":""},"class_list":["post-84","page","type-page","status-publish","hentry"],"yoast_head":"<!-- This site is optimized with the Yoast SEO plugin v24.2 - https:\/\/yoast.com\/wordpress\/plugins\/seo\/ -->\n<title>Cours ados - Atelier Images p\u00e9ripheriques<\/title>\n<meta name=\"robots\" content=\"index, follow, max-snippet:-1, max-image-preview:large, max-video-preview:-1\" \/>\n<link rel=\"canonical\" href=\"https:\/\/atelier-images-peripheriques.fr\/?page_id=84\" \/>\n<meta property=\"og:locale\" content=\"fr_FR\" \/>\n<meta property=\"og:type\" content=\"article\" \/>\n<meta property=\"og:title\" content=\"Cours ados - Atelier Images p\u00e9ripheriques\" \/>\n<meta property=\"og:description\" content=\"Initiation pratique, l&rsquo;objectif est d&rsquo;acqu\u00e9rir les bases du dessin, afin de constituer un dossier pour passer un concours, ou bien d\u00e9velopper un projet personnel dans le cadre d&rsquo;un cursus artistique. Sont abord\u00e9s dans le cadre de cet atelier diverses techniques, passant en particulier pour les d\u00e9butants par l&rsquo;apprentissage de la construction, des proportions, les \u00e9tapes &hellip; Continuer la lecture de &laquo;&nbsp;Cours ados&nbsp;&raquo;\" \/>\n<meta property=\"og:url\" content=\"https:\/\/atelier-images-peripheriques.fr\/?page_id=84\" \/>\n<meta property=\"og:site_name\" content=\"Atelier Images p\u00e9ripheriques\" \/>\n<meta property=\"article:modified_time\" content=\"2025-10-08T08:17:46+00:00\" \/>\n<meta property=\"og:image\" content=\"http:\/\/atelier-images-peripheriques.fr\/wp-content\/uploads\/2021\/10\/atelier-images-peripheriques-cours-ados-DSCF0213.jpg\" \/>\n<meta name=\"twitter:card\" content=\"summary_large_image\" \/>\n<meta name=\"twitter:label1\" content=\"Dur\u00e9e de lecture estim\u00e9e\" \/>\n\t<meta name=\"twitter:data1\" content=\"2 minutes\" \/>\n<script type=\"application\/ld+json\" class=\"yoast-schema-graph\">{\"@context\":\"https:\/\/schema.org\",\"@graph\":[{\"@type\":\"WebPage\",\"@id\":\"https:\/\/atelier-images-peripheriques.fr\/?page_id=84\",\"url\":\"https:\/\/atelier-images-peripheriques.fr\/?page_id=84\",\"name\":\"Cours ados - Atelier Images p\u00e9ripheriques\",\"isPartOf\":{\"@id\":\"https:\/\/atelier-images-peripheriques.fr\/#website\"},\"primaryImageOfPage\":{\"@id\":\"https:\/\/atelier-images-peripheriques.fr\/?page_id=84#primaryimage\"},\"image\":{\"@id\":\"https:\/\/atelier-images-peripheriques.fr\/?page_id=84#primaryimage\"},\"thumbnailUrl\":\"http:\/\/atelier-images-peripheriques.fr\/wp-content\/uploads\/2021\/10\/atelier-images-peripheriques-cours-ados-DSCF0213.jpg\",\"datePublished\":\"2020-08-30T22:58:20+00:00\",\"dateModified\":\"2025-10-08T08:17:46+00:00\",\"breadcrumb\":{\"@id\":\"https:\/\/atelier-images-peripheriques.fr\/?page_id=84#breadcrumb\"},\"inLanguage\":\"fr-FR\",\"potentialAction\":[{\"@type\":\"ReadAction\",\"target\":[\"https:\/\/atelier-images-peripheriques.fr\/?page_id=84\"]}]},{\"@type\":\"ImageObject\",\"inLanguage\":\"fr-FR\",\"@id\":\"https:\/\/atelier-images-peripheriques.fr\/?page_id=84#primaryimage\",\"url\":\"https:\/\/atelier-images-peripheriques.fr\/wp-content\/uploads\/2021\/10\/atelier-images-peripheriques-cours-ados-DSCF0213.jpg\",\"contentUrl\":\"https:\/\/atelier-images-peripheriques.fr\/wp-content\/uploads\/2021\/10\/atelier-images-peripheriques-cours-ados-DSCF0213.jpg\",\"width\":480,\"height\":640},{\"@type\":\"BreadcrumbList\",\"@id\":\"https:\/\/atelier-images-peripheriques.fr\/?page_id=84#breadcrumb\",\"itemListElement\":[{\"@type\":\"ListItem\",\"position\":1,\"name\":\"Accueil\",\"item\":\"https:\/\/atelier-images-peripheriques.fr\/\"},{\"@type\":\"ListItem\",\"position\":2,\"name\":\"Cours ados\"}]},{\"@type\":\"WebSite\",\"@id\":\"https:\/\/atelier-images-peripheriques.fr\/#website\",\"url\":\"https:\/\/atelier-images-peripheriques.fr\/\",\"name\":\"Atelier Images p\u00e9ripheriques\",\"description\":\"Atelier d&#039;artistes \/ Espace d&#039;exposition \u00e0 Bagnolet\",\"potentialAction\":[{\"@type\":\"SearchAction\",\"target\":{\"@type\":\"EntryPoint\",\"urlTemplate\":\"https:\/\/atelier-images-peripheriques.fr\/?s={search_term_string}\"},\"query-input\":{\"@type\":\"PropertyValueSpecification\",\"valueRequired\":true,\"valueName\":\"search_term_string\"}}],\"inLanguage\":\"fr-FR\"}]}<\/script>\n<!-- \/ Yoast SEO plugin. -->","yoast_head_json":{"title":"Cours ados - Atelier Images p\u00e9ripheriques","robots":{"index":"index","follow":"follow","max-snippet":"max-snippet:-1","max-image-preview":"max-image-preview:large","max-video-preview":"max-video-preview:-1"},"canonical":"https:\/\/atelier-images-peripheriques.fr\/?page_id=84","og_locale":"fr_FR","og_type":"article","og_title":"Cours ados - Atelier Images p\u00e9ripheriques","og_description":"Initiation pratique, l&rsquo;objectif est d&rsquo;acqu\u00e9rir les bases du dessin, afin de constituer un dossier pour passer un concours, ou bien d\u00e9velopper un projet personnel dans le cadre d&rsquo;un cursus artistique. Sont abord\u00e9s dans le cadre de cet atelier diverses techniques, passant en particulier pour les d\u00e9butants par l&rsquo;apprentissage de la construction, des proportions, les \u00e9tapes &hellip; Continuer la lecture de &laquo;&nbsp;Cours ados&nbsp;&raquo;","og_url":"https:\/\/atelier-images-peripheriques.fr\/?page_id=84","og_site_name":"Atelier Images p\u00e9ripheriques","article_modified_time":"2025-10-08T08:17:46+00:00","og_image":[{"url":"http:\/\/atelier-images-peripheriques.fr\/wp-content\/uploads\/2021\/10\/atelier-images-peripheriques-cours-ados-DSCF0213.jpg","type":"","width":"","height":""}],"twitter_card":"summary_large_image","twitter_misc":{"Dur\u00e9e de lecture estim\u00e9e":"2 minutes"},"schema":{"@context":"https:\/\/schema.org","@graph":[{"@type":"WebPage","@id":"https:\/\/atelier-images-peripheriques.fr\/?page_id=84","url":"https:\/\/atelier-images-peripheriques.fr\/?page_id=84","name":"Cours ados - Atelier Images p\u00e9ripheriques","isPartOf":{"@id":"https:\/\/atelier-images-peripheriques.fr\/#website"},"primaryImageOfPage":{"@id":"https:\/\/atelier-images-peripheriques.fr\/?page_id=84#primaryimage"},"image":{"@id":"https:\/\/atelier-images-peripheriques.fr\/?page_id=84#primaryimage"},"thumbnailUrl":"http:\/\/atelier-images-peripheriques.fr\/wp-content\/uploads\/2021\/10\/atelier-images-peripheriques-cours-ados-DSCF0213.jpg","datePublished":"2020-08-30T22:58:20+00:00","dateModified":"2025-10-08T08:17:46+00:00","breadcrumb":{"@id":"https:\/\/atelier-images-peripheriques.fr\/?page_id=84#breadcrumb"},"inLanguage":"fr-FR","potentialAction":[{"@type":"ReadAction","target":["https:\/\/atelier-images-peripheriques.fr\/?page_id=84"]}]},{"@type":"ImageObject","inLanguage":"fr-FR","@id":"https:\/\/atelier-images-peripheriques.fr\/?page_id=84#primaryimage","url":"https:\/\/atelier-images-peripheriques.fr\/wp-content\/uploads\/2021\/10\/atelier-images-peripheriques-cours-ados-DSCF0213.jpg","contentUrl":"https:\/\/atelier-images-peripheriques.fr\/wp-content\/uploads\/2021\/10\/atelier-images-peripheriques-cours-ados-DSCF0213.jpg","width":480,"height":640},{"@type":"BreadcrumbList","@id":"https:\/\/atelier-images-peripheriques.fr\/?page_id=84#breadcrumb","itemListElement":[{"@type":"ListItem","position":1,"name":"Accueil","item":"https:\/\/atelier-images-peripheriques.fr\/"},{"@type":"ListItem","position":2,"name":"Cours ados"}]},{"@type":"WebSite","@id":"https:\/\/atelier-images-peripheriques.fr\/#website","url":"https:\/\/atelier-images-peripheriques.fr\/","name":"Atelier Images p\u00e9ripheriques","description":"Atelier d&#039;artistes \/ Espace d&#039;exposition \u00e0 Bagnolet","potentialAction":[{"@type":"SearchAction","target":{"@type":"EntryPoint","urlTemplate":"https:\/\/atelier-images-peripheriques.fr\/?s={search_term_string}"},"query-input":{"@type":"PropertyValueSpecification","valueRequired":true,"valueName":"search_term_string"}}],"inLanguage":"fr-FR"}]}},"_links":{"self":[{"href":"https:\/\/atelier-images-peripheriques.fr\/index.php?rest_route=\/wp\/v2\/pages\/84","targetHints":{"allow":["GET"]}}],"collection":[{"href":"https:\/\/atelier-images-peripheriques.fr\/index.php?rest_route=\/wp\/v2\/pages"}],"about":[{"href":"https:\/\/atelier-images-peripheriques.fr\/index.php?rest_route=\/wp\/v2\/types\/page"}],"author":[{"embeddable":true,"href":"https:\/\/atelier-images-peripheriques.fr\/index.php?rest_route=\/wp\/v2\/users\/1"}],"replies":[{"embeddable":true,"href":"https:\/\/atelier-images-peripheriques.fr\/index.php?rest_route=%2Fwp%2Fv2%2Fcomments&post=84"}],"version-history":[{"count":25,"href":"https:\/\/atelier-images-peripheriques.fr\/index.php?rest_route=\/wp\/v2\/pages\/84\/revisions"}],"predecessor-version":[{"id":747,"href":"https:\/\/atelier-images-peripheriques.fr\/index.php?rest_route=\/wp\/v2\/pages\/84\/revisions\/747"}],"wp:attachment":[{"href":"https:\/\/atelier-images-peripheriques.fr\/index.php?rest_route=%2Fwp%2Fv2%2Fmedia&parent=84"}],"curies":[{"name":"wp","href":"https:\/\/api.w.org\/{rel}","templated":true}]}}