{"id":77,"date":"2024-07-10T07:29:54","date_gmt":"2024-07-10T05:29:54","guid":{"rendered":"http:\/\/atelier-images-peripheriques.fr\/?page_id=77"},"modified":"2025-10-08T10:23:11","modified_gmt":"2025-10-08T08:23:11","slug":"stages-de-dessin-modelage-juillet-2024","status":"publish","type":"page","link":"https:\/\/atelier-images-peripheriques.fr\/?page_id=77","title":{"rendered":"Stages Dessin-Modelage"},"content":{"rendered":"\n<p><strong>STAGE  DESSIN &gt;  <\/strong>cours collectif de 2h30 <strong>sur deux semaines de 10h \u00e0 13h00 en Mus\u00e9es \/ <\/strong>Tous niveaux. <\/p>\n\n\n\n<p>Initiation et plong\u00e9e dans une pratique quotidienne du dessin avec l&rsquo;artiste, du lundi au vendredi de 10h \u00e0 12h30. S\u00e9ances de deux heures et demi en Mus\u00e9es \/ Exercice d&rsquo;\u00e9chauffement, et d&rsquo;observation avec des croquis rapides de 1mn \u00e0 5mn, l&rsquo;objectif est de saisir la structure des sculptures aux crayons, fusains, stylo, le trait est imm\u00e9diat, synth\u00e9tique. Apr\u00e8s ces exercices sont abord\u00e9s les poses plus longues de 10mn \u00e0 20mn sur formats raisin.<\/p>\n\n\n\n<p><strong>O\u00f9<\/strong> : Louvre, Mus\u00e9e Guimet, Mus\u00e9e Rodin, Mus\u00e9e Bourdelle. <\/p>\n\n\n\n<p><strong>STAGES 2025 : 10 heures de dessin en Mus\u00e9es \/ Inscriptions en cours<\/strong> \/<\/p>\n\n\n\n<p><strong>Forfait <\/strong>\/ 350 euros &gt; fournitures comprises. <\/p>\n\n\n<div class=\"wp-block-image\">\n<figure class=\"alignleft size-full\"><img loading=\"lazy\" decoding=\"async\" width=\"770\" height=\"960\" src=\"http:\/\/atelier-images-peripheriques.fr\/wp-content\/uploads\/2021\/11\/atelier-images-peripheriques-stages-dessin-muse\u0301es-IMG_1634970418741.jpg\" alt=\"\" class=\"wp-image-357\" srcset=\"https:\/\/atelier-images-peripheriques.fr\/wp-content\/uploads\/2021\/11\/atelier-images-peripheriques-stages-dessin-muse\u0301es-IMG_1634970418741.jpg 770w, https:\/\/atelier-images-peripheriques.fr\/wp-content\/uploads\/2021\/11\/atelier-images-peripheriques-stages-dessin-muse\u0301es-IMG_1634970418741-241x300.jpg 241w, https:\/\/atelier-images-peripheriques.fr\/wp-content\/uploads\/2021\/11\/atelier-images-peripheriques-stages-dessin-muse\u0301es-IMG_1634970418741-768x958.jpg 768w\" sizes=\"auto, (max-width: 706px) 89vw, (max-width: 767px) 82vw, 740px\" \/><figcaption class=\"wp-element-caption\">atelier images p\u00e9riph\u00e9riques \/ stage de dessin \/ Mus\u00e9e du Louvre <\/figcaption><\/figure>\n<\/div>\n\n\n<figure class=\"wp-block-image size-full\"><img loading=\"lazy\" decoding=\"async\" width=\"812\" height=\"960\" src=\"http:\/\/atelier-images-peripheriques.fr\/wp-content\/uploads\/2021\/11\/atelier-images-peripheriques-stage-dessin-Muse\u0301es-IMG_1634970407464.jpg\" alt=\"\" class=\"wp-image-356\" srcset=\"https:\/\/atelier-images-peripheriques.fr\/wp-content\/uploads\/2021\/11\/atelier-images-peripheriques-stage-dessin-Muse\u0301es-IMG_1634970407464.jpg 812w, https:\/\/atelier-images-peripheriques.fr\/wp-content\/uploads\/2021\/11\/atelier-images-peripheriques-stage-dessin-Muse\u0301es-IMG_1634970407464-254x300.jpg 254w, https:\/\/atelier-images-peripheriques.fr\/wp-content\/uploads\/2021\/11\/atelier-images-peripheriques-stage-dessin-Muse\u0301es-IMG_1634970407464-768x908.jpg 768w\" sizes=\"auto, (max-width: 706px) 89vw, (max-width: 767px) 82vw, 740px\" \/><figcaption class=\"wp-element-caption\">atelier images p\u00e9riph\u00e9riques \/ stage de dessin \/ Mus\u00e9e du Louvre <\/figcaption><\/figure>\n\n\n\n<p><\/p>\n\n\n\n<p><strong>STAGE MODELAGE<\/strong> <strong>2025<\/strong> ><strong> <\/strong>vacances scolaires > <strong>4 cours collectif sur deux semaines, le mercredi et le jeudi 10h \u00e0 12h30  \/ Inscriptions en cours<\/strong> \/ Tous niveaux.<\/p>\n\n\n\n<p>Initiation \u00e0 la technique du modelage, c&rsquo;est exp\u00e9rimenter le volume,  c&rsquo;est faire des liens , \u00e9laborer, une approche d&rsquo;observation mais aussi de r\u00e9alisation. <\/p>\n\n\n\n<p> <strong>O\u00f9<\/strong> : \u00e0 l&rsquo;atelier<\/p>\n\n\n\n<p><strong>Stage 350 euros &gt; fournitures comprises. <\/strong><\/p>\n\n\n\n<figure class=\"wp-block-gallery has-nested-images columns-default is-cropped wp-block-gallery-1 is-layout-flex wp-block-gallery-is-layout-flex\">\n<figure class=\"wp-block-image size-full\"><img loading=\"lazy\" decoding=\"async\" width=\"240\" height=\"320\" data-id=\"620\" src=\"http:\/\/atelier-images-peripheriques.fr\/wp-content\/uploads\/2023\/05\/Modelage-Camille-stage-atelier-images-peripheriques.jpg\" alt=\"\" class=\"wp-image-620\" srcset=\"https:\/\/atelier-images-peripheriques.fr\/wp-content\/uploads\/2023\/05\/Modelage-Camille-stage-atelier-images-peripheriques.jpg 240w, https:\/\/atelier-images-peripheriques.fr\/wp-content\/uploads\/2023\/05\/Modelage-Camille-stage-atelier-images-peripheriques-225x300.jpg 225w\" sizes=\"auto, (max-width: 240px) 100vw, 240px\" \/><\/figure>\n<figcaption class=\"blocks-gallery-caption wp-element-caption\">atelier images p\u00e9riph\u00e9riques \/ stage modelage  \/ Camille<\/figcaption><\/figure>\n","protected":false},"excerpt":{"rendered":"<p>STAGE DESSIN &gt; cours collectif de 2h30 sur deux semaines de 10h \u00e0 13h00 en Mus\u00e9es \/ Tous niveaux. Initiation et plong\u00e9e dans une pratique quotidienne du dessin avec l&rsquo;artiste, du lundi au vendredi de 10h \u00e0 12h30. S\u00e9ances de deux heures et demi en Mus\u00e9es \/ Exercice d&rsquo;\u00e9chauffement, et d&rsquo;observation avec des croquis rapides &hellip; <\/p>\n<p class=\"link-more\"><a href=\"https:\/\/atelier-images-peripheriques.fr\/?page_id=77\" class=\"more-link\">Continuer la lecture<span class=\"screen-reader-text\"> de &laquo;&nbsp;Stages Dessin-Modelage&nbsp;&raquo;<\/span><\/a><\/p>\n","protected":false},"author":1,"featured_media":0,"parent":0,"menu_order":0,"comment_status":"closed","ping_status":"closed","template":"","meta":{"footnotes":""},"class_list":["post-77","page","type-page","status-publish","hentry"],"yoast_head":"<!-- This site is optimized with the Yoast SEO plugin v24.2 - https:\/\/yoast.com\/wordpress\/plugins\/seo\/ -->\n<title>Stages Dessin-Modelage - Atelier Images p\u00e9ripheriques<\/title>\n<meta name=\"description\" content=\"Stages-juillet 2023-Dessiner en Mus\u00e9es-Modelage en atelier-Initiation et plong\u00e9e dans une pratique quotidienne avec l&#039;artiste. En petits groupes du lundi au vendredi. Tous niveaux.\" \/>\n<meta name=\"robots\" content=\"index, follow, max-snippet:-1, max-image-preview:large, max-video-preview:-1\" \/>\n<link rel=\"canonical\" href=\"https:\/\/atelier-images-peripheriques.fr\/?page_id=77\" \/>\n<meta property=\"og:locale\" content=\"fr_FR\" \/>\n<meta property=\"og:type\" content=\"article\" \/>\n<meta property=\"og:title\" content=\"Stages Dessin-Modelage - Atelier Images p\u00e9ripheriques\" \/>\n<meta property=\"og:description\" content=\"Stages-juillet 2023-Dessiner en Mus\u00e9es-Modelage en atelier-Initiation et plong\u00e9e dans une pratique quotidienne avec l&#039;artiste. En petits groupes du lundi au vendredi. Tous niveaux.\" \/>\n<meta property=\"og:url\" content=\"https:\/\/atelier-images-peripheriques.fr\/?page_id=77\" \/>\n<meta property=\"og:site_name\" content=\"Atelier Images p\u00e9ripheriques\" \/>\n<meta property=\"article:modified_time\" content=\"2025-10-08T08:23:11+00:00\" \/>\n<meta property=\"og:image\" content=\"http:\/\/atelier-images-peripheriques.fr\/wp-content\/uploads\/2023\/05\/Modelage-Camille-stage-atelier-images-peripheriques.jpg\" \/>\n<meta name=\"twitter:card\" content=\"summary_large_image\" \/>\n<meta name=\"twitter:label1\" content=\"Dur\u00e9e de lecture estim\u00e9e\" \/>\n\t<meta name=\"twitter:data1\" content=\"2 minutes\" \/>\n<script type=\"application\/ld+json\" class=\"yoast-schema-graph\">{\"@context\":\"https:\/\/schema.org\",\"@graph\":[{\"@type\":\"WebPage\",\"@id\":\"https:\/\/atelier-images-peripheriques.fr\/?page_id=77\",\"url\":\"https:\/\/atelier-images-peripheriques.fr\/?page_id=77\",\"name\":\"Stages Dessin-Modelage - Atelier Images p\u00e9ripheriques\",\"isPartOf\":{\"@id\":\"https:\/\/atelier-images-peripheriques.fr\/#website\"},\"primaryImageOfPage\":{\"@id\":\"https:\/\/atelier-images-peripheriques.fr\/?page_id=77#primaryimage\"},\"image\":{\"@id\":\"https:\/\/atelier-images-peripheriques.fr\/?page_id=77#primaryimage\"},\"thumbnailUrl\":\"http:\/\/atelier-images-peripheriques.fr\/wp-content\/uploads\/2023\/05\/Modelage-Camille-stage-atelier-images-peripheriques.jpg\",\"datePublished\":\"2024-07-10T05:29:54+00:00\",\"dateModified\":\"2025-10-08T08:23:11+00:00\",\"description\":\"Stages-juillet 2023-Dessiner en Mus\u00e9es-Modelage en atelier-Initiation et plong\u00e9e dans une pratique quotidienne avec l'artiste. En petits groupes du lundi au vendredi. Tous niveaux.\",\"breadcrumb\":{\"@id\":\"https:\/\/atelier-images-peripheriques.fr\/?page_id=77#breadcrumb\"},\"inLanguage\":\"fr-FR\",\"potentialAction\":[{\"@type\":\"ReadAction\",\"target\":[\"https:\/\/atelier-images-peripheriques.fr\/?page_id=77\"]}]},{\"@type\":\"ImageObject\",\"inLanguage\":\"fr-FR\",\"@id\":\"https:\/\/atelier-images-peripheriques.fr\/?page_id=77#primaryimage\",\"url\":\"https:\/\/atelier-images-peripheriques.fr\/wp-content\/uploads\/2023\/05\/Modelage-Camille-stage-atelier-images-peripheriques.jpg\",\"contentUrl\":\"https:\/\/atelier-images-peripheriques.fr\/wp-content\/uploads\/2023\/05\/Modelage-Camille-stage-atelier-images-peripheriques.jpg\",\"width\":240,\"height\":320},{\"@type\":\"BreadcrumbList\",\"@id\":\"https:\/\/atelier-images-peripheriques.fr\/?page_id=77#breadcrumb\",\"itemListElement\":[{\"@type\":\"ListItem\",\"position\":1,\"name\":\"Accueil\",\"item\":\"https:\/\/atelier-images-peripheriques.fr\/\"},{\"@type\":\"ListItem\",\"position\":2,\"name\":\"Stages Dessin-Modelage\"}]},{\"@type\":\"WebSite\",\"@id\":\"https:\/\/atelier-images-peripheriques.fr\/#website\",\"url\":\"https:\/\/atelier-images-peripheriques.fr\/\",\"name\":\"Atelier Images p\u00e9ripheriques\",\"description\":\"Atelier d&#039;artistes \/ Espace d&#039;exposition \u00e0 Bagnolet\",\"potentialAction\":[{\"@type\":\"SearchAction\",\"target\":{\"@type\":\"EntryPoint\",\"urlTemplate\":\"https:\/\/atelier-images-peripheriques.fr\/?s={search_term_string}\"},\"query-input\":{\"@type\":\"PropertyValueSpecification\",\"valueRequired\":true,\"valueName\":\"search_term_string\"}}],\"inLanguage\":\"fr-FR\"}]}<\/script>\n<!-- \/ Yoast SEO plugin. -->","yoast_head_json":{"title":"Stages Dessin-Modelage - Atelier Images p\u00e9ripheriques","description":"Stages-juillet 2023-Dessiner en Mus\u00e9es-Modelage en atelier-Initiation et plong\u00e9e dans une pratique quotidienne avec l'artiste. En petits groupes du lundi au vendredi. Tous niveaux.","robots":{"index":"index","follow":"follow","max-snippet":"max-snippet:-1","max-image-preview":"max-image-preview:large","max-video-preview":"max-video-preview:-1"},"canonical":"https:\/\/atelier-images-peripheriques.fr\/?page_id=77","og_locale":"fr_FR","og_type":"article","og_title":"Stages Dessin-Modelage - Atelier Images p\u00e9ripheriques","og_description":"Stages-juillet 2023-Dessiner en Mus\u00e9es-Modelage en atelier-Initiation et plong\u00e9e dans une pratique quotidienne avec l'artiste. En petits groupes du lundi au vendredi. Tous niveaux.","og_url":"https:\/\/atelier-images-peripheriques.fr\/?page_id=77","og_site_name":"Atelier Images p\u00e9ripheriques","article_modified_time":"2025-10-08T08:23:11+00:00","og_image":[{"url":"http:\/\/atelier-images-peripheriques.fr\/wp-content\/uploads\/2023\/05\/Modelage-Camille-stage-atelier-images-peripheriques.jpg","type":"","width":"","height":""}],"twitter_card":"summary_large_image","twitter_misc":{"Dur\u00e9e de lecture estim\u00e9e":"2 minutes"},"schema":{"@context":"https:\/\/schema.org","@graph":[{"@type":"WebPage","@id":"https:\/\/atelier-images-peripheriques.fr\/?page_id=77","url":"https:\/\/atelier-images-peripheriques.fr\/?page_id=77","name":"Stages Dessin-Modelage - Atelier Images p\u00e9ripheriques","isPartOf":{"@id":"https:\/\/atelier-images-peripheriques.fr\/#website"},"primaryImageOfPage":{"@id":"https:\/\/atelier-images-peripheriques.fr\/?page_id=77#primaryimage"},"image":{"@id":"https:\/\/atelier-images-peripheriques.fr\/?page_id=77#primaryimage"},"thumbnailUrl":"http:\/\/atelier-images-peripheriques.fr\/wp-content\/uploads\/2023\/05\/Modelage-Camille-stage-atelier-images-peripheriques.jpg","datePublished":"2024-07-10T05:29:54+00:00","dateModified":"2025-10-08T08:23:11+00:00","description":"Stages-juillet 2023-Dessiner en Mus\u00e9es-Modelage en atelier-Initiation et plong\u00e9e dans une pratique quotidienne avec l'artiste. En petits groupes du lundi au vendredi. Tous niveaux.","breadcrumb":{"@id":"https:\/\/atelier-images-peripheriques.fr\/?page_id=77#breadcrumb"},"inLanguage":"fr-FR","potentialAction":[{"@type":"ReadAction","target":["https:\/\/atelier-images-peripheriques.fr\/?page_id=77"]}]},{"@type":"ImageObject","inLanguage":"fr-FR","@id":"https:\/\/atelier-images-peripheriques.fr\/?page_id=77#primaryimage","url":"https:\/\/atelier-images-peripheriques.fr\/wp-content\/uploads\/2023\/05\/Modelage-Camille-stage-atelier-images-peripheriques.jpg","contentUrl":"https:\/\/atelier-images-peripheriques.fr\/wp-content\/uploads\/2023\/05\/Modelage-Camille-stage-atelier-images-peripheriques.jpg","width":240,"height":320},{"@type":"BreadcrumbList","@id":"https:\/\/atelier-images-peripheriques.fr\/?page_id=77#breadcrumb","itemListElement":[{"@type":"ListItem","position":1,"name":"Accueil","item":"https:\/\/atelier-images-peripheriques.fr\/"},{"@type":"ListItem","position":2,"name":"Stages Dessin-Modelage"}]},{"@type":"WebSite","@id":"https:\/\/atelier-images-peripheriques.fr\/#website","url":"https:\/\/atelier-images-peripheriques.fr\/","name":"Atelier Images p\u00e9ripheriques","description":"Atelier d&#039;artistes \/ Espace d&#039;exposition \u00e0 Bagnolet","potentialAction":[{"@type":"SearchAction","target":{"@type":"EntryPoint","urlTemplate":"https:\/\/atelier-images-peripheriques.fr\/?s={search_term_string}"},"query-input":{"@type":"PropertyValueSpecification","valueRequired":true,"valueName":"search_term_string"}}],"inLanguage":"fr-FR"}]}},"_links":{"self":[{"href":"https:\/\/atelier-images-peripheriques.fr\/index.php?rest_route=\/wp\/v2\/pages\/77","targetHints":{"allow":["GET"]}}],"collection":[{"href":"https:\/\/atelier-images-peripheriques.fr\/index.php?rest_route=\/wp\/v2\/pages"}],"about":[{"href":"https:\/\/atelier-images-peripheriques.fr\/index.php?rest_route=\/wp\/v2\/types\/page"}],"author":[{"embeddable":true,"href":"https:\/\/atelier-images-peripheriques.fr\/index.php?rest_route=\/wp\/v2\/users\/1"}],"replies":[{"embeddable":true,"href":"https:\/\/atelier-images-peripheriques.fr\/index.php?rest_route=%2Fwp%2Fv2%2Fcomments&post=77"}],"version-history":[{"count":41,"href":"https:\/\/atelier-images-peripheriques.fr\/index.php?rest_route=\/wp\/v2\/pages\/77\/revisions"}],"predecessor-version":[{"id":750,"href":"https:\/\/atelier-images-peripheriques.fr\/index.php?rest_route=\/wp\/v2\/pages\/77\/revisions\/750"}],"wp:attachment":[{"href":"https:\/\/atelier-images-peripheriques.fr\/index.php?rest_route=%2Fwp%2Fv2%2Fmedia&parent=77"}],"curies":[{"name":"wp","href":"https:\/\/api.w.org\/{rel}","templated":true}]}}