{"id":75,"date":"2024-07-10T07:35:40","date_gmt":"2024-07-10T05:35:40","guid":{"rendered":"http:\/\/atelier-images-peripheriques.fr\/?page_id=75"},"modified":"2024-06-10T08:02:14","modified_gmt":"2024-06-10T06:02:14","slug":"preparation-aux-concours","status":"publish","type":"page","link":"https:\/\/atelier-images-peripheriques.fr\/?page_id=75","title":{"rendered":"Pr\u00e9paration aux concours"},"content":{"rendered":"\n<p><strong>Un atelier pour transmettre&nbsp;<\/strong><\/p>\n\n\n\n<p>Pr\u00e9paration d&rsquo;un dossier artistique, au d\u00e9part le dessin se d\u00e9ploie avec spontan\u00e9it\u00e9, l&rsquo;artiste favorise l&rsquo;approche de l&rsquo;\u00e9coute afin de d\u00e9finir la demande. Par le travail le dessin s\u2019impr\u00e8gne d\u2019un langage plastique sp\u00e9cifique. Dans chacun des espaces qui le composent s\u2019inspirer, r\u00e9inventer, recycler, un vocabulaire s\u2019affirme et est r\u00e9p\u00e9t\u00e9, pour traduire les volumes, les espaces et les corps. Port\u00e9 par le geste artistique, de l\u2019observation du d\u00e9tail na\u00eet la justesse de l\u2019espace et du trait. Le choix des mat\u00e9riaux influe sur la lecture qui sera faite du sujet. <\/p>\n","protected":false},"excerpt":{"rendered":"<p>Un atelier pour transmettre&nbsp; Pr\u00e9paration d&rsquo;un dossier artistique, au d\u00e9part le dessin se d\u00e9ploie avec spontan\u00e9it\u00e9, l&rsquo;artiste favorise l&rsquo;approche de l&rsquo;\u00e9coute afin de d\u00e9finir la demande. Par le travail le dessin s\u2019impr\u00e8gne d\u2019un langage plastique sp\u00e9cifique. Dans chacun des espaces qui le composent s\u2019inspirer, r\u00e9inventer, recycler, un vocabulaire s\u2019affirme et est r\u00e9p\u00e9t\u00e9, pour traduire les &hellip; <\/p>\n<p class=\"link-more\"><a href=\"https:\/\/atelier-images-peripheriques.fr\/?page_id=75\" class=\"more-link\">Continuer la lecture<span class=\"screen-reader-text\"> de &laquo;&nbsp;Pr\u00e9paration aux concours&nbsp;&raquo;<\/span><\/a><\/p>\n","protected":false},"author":1,"featured_media":0,"parent":0,"menu_order":0,"comment_status":"closed","ping_status":"closed","template":"","meta":{"footnotes":""},"class_list":["post-75","page","type-page","status-publish","hentry"],"yoast_head":"<!-- This site is optimized with the Yoast SEO plugin v24.2 - https:\/\/yoast.com\/wordpress\/plugins\/seo\/ -->\n<title>Pr\u00e9paration aux concours - Atelier Images p\u00e9ripheriques<\/title>\n<meta name=\"robots\" content=\"index, follow, max-snippet:-1, max-image-preview:large, max-video-preview:-1\" \/>\n<link rel=\"canonical\" href=\"https:\/\/atelier-images-peripheriques.fr\/?page_id=75\" \/>\n<meta property=\"og:locale\" content=\"fr_FR\" \/>\n<meta property=\"og:type\" content=\"article\" \/>\n<meta property=\"og:title\" content=\"Pr\u00e9paration aux concours - Atelier Images p\u00e9ripheriques\" \/>\n<meta property=\"og:description\" content=\"Un atelier pour transmettre&nbsp; Pr\u00e9paration d&rsquo;un dossier artistique, au d\u00e9part le dessin se d\u00e9ploie avec spontan\u00e9it\u00e9, l&rsquo;artiste favorise l&rsquo;approche de l&rsquo;\u00e9coute afin de d\u00e9finir la demande. Par le travail le dessin s\u2019impr\u00e8gne d\u2019un langage plastique sp\u00e9cifique. Dans chacun des espaces qui le composent s\u2019inspirer, r\u00e9inventer, recycler, un vocabulaire s\u2019affirme et est r\u00e9p\u00e9t\u00e9, pour traduire les &hellip; Continuer la lecture de &laquo;&nbsp;Pr\u00e9paration aux concours&nbsp;&raquo;\" \/>\n<meta property=\"og:url\" content=\"https:\/\/atelier-images-peripheriques.fr\/?page_id=75\" \/>\n<meta property=\"og:site_name\" content=\"Atelier Images p\u00e9ripheriques\" \/>\n<meta property=\"article:modified_time\" content=\"2024-06-10T06:02:14+00:00\" \/>\n<meta name=\"twitter:card\" content=\"summary_large_image\" \/>\n<meta name=\"twitter:label1\" content=\"Dur\u00e9e de lecture estim\u00e9e\" \/>\n\t<meta name=\"twitter:data1\" content=\"1 minute\" \/>\n<script type=\"application\/ld+json\" class=\"yoast-schema-graph\">{\"@context\":\"https:\/\/schema.org\",\"@graph\":[{\"@type\":\"WebPage\",\"@id\":\"https:\/\/atelier-images-peripheriques.fr\/?page_id=75\",\"url\":\"https:\/\/atelier-images-peripheriques.fr\/?page_id=75\",\"name\":\"Pr\u00e9paration aux concours - Atelier Images p\u00e9ripheriques\",\"isPartOf\":{\"@id\":\"https:\/\/atelier-images-peripheriques.fr\/#website\"},\"datePublished\":\"2024-07-10T05:35:40+00:00\",\"dateModified\":\"2024-06-10T06:02:14+00:00\",\"breadcrumb\":{\"@id\":\"https:\/\/atelier-images-peripheriques.fr\/?page_id=75#breadcrumb\"},\"inLanguage\":\"fr-FR\",\"potentialAction\":[{\"@type\":\"ReadAction\",\"target\":[\"https:\/\/atelier-images-peripheriques.fr\/?page_id=75\"]}]},{\"@type\":\"BreadcrumbList\",\"@id\":\"https:\/\/atelier-images-peripheriques.fr\/?page_id=75#breadcrumb\",\"itemListElement\":[{\"@type\":\"ListItem\",\"position\":1,\"name\":\"Accueil\",\"item\":\"https:\/\/atelier-images-peripheriques.fr\/\"},{\"@type\":\"ListItem\",\"position\":2,\"name\":\"Pr\u00e9paration aux concours\"}]},{\"@type\":\"WebSite\",\"@id\":\"https:\/\/atelier-images-peripheriques.fr\/#website\",\"url\":\"https:\/\/atelier-images-peripheriques.fr\/\",\"name\":\"Atelier Images p\u00e9ripheriques\",\"description\":\"Atelier d&#039;artistes \/ Espace d&#039;exposition \u00e0 Bagnolet\",\"potentialAction\":[{\"@type\":\"SearchAction\",\"target\":{\"@type\":\"EntryPoint\",\"urlTemplate\":\"https:\/\/atelier-images-peripheriques.fr\/?s={search_term_string}\"},\"query-input\":{\"@type\":\"PropertyValueSpecification\",\"valueRequired\":true,\"valueName\":\"search_term_string\"}}],\"inLanguage\":\"fr-FR\"}]}<\/script>\n<!-- \/ Yoast SEO plugin. -->","yoast_head_json":{"title":"Pr\u00e9paration aux concours - Atelier Images p\u00e9ripheriques","robots":{"index":"index","follow":"follow","max-snippet":"max-snippet:-1","max-image-preview":"max-image-preview:large","max-video-preview":"max-video-preview:-1"},"canonical":"https:\/\/atelier-images-peripheriques.fr\/?page_id=75","og_locale":"fr_FR","og_type":"article","og_title":"Pr\u00e9paration aux concours - Atelier Images p\u00e9ripheriques","og_description":"Un atelier pour transmettre&nbsp; Pr\u00e9paration d&rsquo;un dossier artistique, au d\u00e9part le dessin se d\u00e9ploie avec spontan\u00e9it\u00e9, l&rsquo;artiste favorise l&rsquo;approche de l&rsquo;\u00e9coute afin de d\u00e9finir la demande. Par le travail le dessin s\u2019impr\u00e8gne d\u2019un langage plastique sp\u00e9cifique. Dans chacun des espaces qui le composent s\u2019inspirer, r\u00e9inventer, recycler, un vocabulaire s\u2019affirme et est r\u00e9p\u00e9t\u00e9, pour traduire les &hellip; Continuer la lecture de &laquo;&nbsp;Pr\u00e9paration aux concours&nbsp;&raquo;","og_url":"https:\/\/atelier-images-peripheriques.fr\/?page_id=75","og_site_name":"Atelier Images p\u00e9ripheriques","article_modified_time":"2024-06-10T06:02:14+00:00","twitter_card":"summary_large_image","twitter_misc":{"Dur\u00e9e de lecture estim\u00e9e":"1 minute"},"schema":{"@context":"https:\/\/schema.org","@graph":[{"@type":"WebPage","@id":"https:\/\/atelier-images-peripheriques.fr\/?page_id=75","url":"https:\/\/atelier-images-peripheriques.fr\/?page_id=75","name":"Pr\u00e9paration aux concours - Atelier Images p\u00e9ripheriques","isPartOf":{"@id":"https:\/\/atelier-images-peripheriques.fr\/#website"},"datePublished":"2024-07-10T05:35:40+00:00","dateModified":"2024-06-10T06:02:14+00:00","breadcrumb":{"@id":"https:\/\/atelier-images-peripheriques.fr\/?page_id=75#breadcrumb"},"inLanguage":"fr-FR","potentialAction":[{"@type":"ReadAction","target":["https:\/\/atelier-images-peripheriques.fr\/?page_id=75"]}]},{"@type":"BreadcrumbList","@id":"https:\/\/atelier-images-peripheriques.fr\/?page_id=75#breadcrumb","itemListElement":[{"@type":"ListItem","position":1,"name":"Accueil","item":"https:\/\/atelier-images-peripheriques.fr\/"},{"@type":"ListItem","position":2,"name":"Pr\u00e9paration aux concours"}]},{"@type":"WebSite","@id":"https:\/\/atelier-images-peripheriques.fr\/#website","url":"https:\/\/atelier-images-peripheriques.fr\/","name":"Atelier Images p\u00e9ripheriques","description":"Atelier d&#039;artistes \/ Espace d&#039;exposition \u00e0 Bagnolet","potentialAction":[{"@type":"SearchAction","target":{"@type":"EntryPoint","urlTemplate":"https:\/\/atelier-images-peripheriques.fr\/?s={search_term_string}"},"query-input":{"@type":"PropertyValueSpecification","valueRequired":true,"valueName":"search_term_string"}}],"inLanguage":"fr-FR"}]}},"_links":{"self":[{"href":"https:\/\/atelier-images-peripheriques.fr\/index.php?rest_route=\/wp\/v2\/pages\/75","targetHints":{"allow":["GET"]}}],"collection":[{"href":"https:\/\/atelier-images-peripheriques.fr\/index.php?rest_route=\/wp\/v2\/pages"}],"about":[{"href":"https:\/\/atelier-images-peripheriques.fr\/index.php?rest_route=\/wp\/v2\/types\/page"}],"author":[{"embeddable":true,"href":"https:\/\/atelier-images-peripheriques.fr\/index.php?rest_route=\/wp\/v2\/users\/1"}],"replies":[{"embeddable":true,"href":"https:\/\/atelier-images-peripheriques.fr\/index.php?rest_route=%2Fwp%2Fv2%2Fcomments&post=75"}],"version-history":[{"count":8,"href":"https:\/\/atelier-images-peripheriques.fr\/index.php?rest_route=\/wp\/v2\/pages\/75\/revisions"}],"predecessor-version":[{"id":389,"href":"https:\/\/atelier-images-peripheriques.fr\/index.php?rest_route=\/wp\/v2\/pages\/75\/revisions\/389"}],"wp:attachment":[{"href":"https:\/\/atelier-images-peripheriques.fr\/index.php?rest_route=%2Fwp%2Fv2%2Fmedia&parent=75"}],"curies":[{"name":"wp","href":"https:\/\/api.w.org\/{rel}","templated":true}]}}