{"id":41,"date":"2020-08-31T00:29:35","date_gmt":"2020-08-30T22:29:35","guid":{"rendered":"http:\/\/atelier-images-peripheriques.fr\/?page_id=41"},"modified":"2023-11-09T12:28:37","modified_gmt":"2023-11-09T11:28:37","slug":"cours-de-dessin-juiors-eveil-artistique-montreuil-bagnolet-metro-robespierre-atelier-dartiste","status":"publish","type":"page","link":"https:\/\/atelier-images-peripheriques.fr\/?page_id=41","title":{"rendered":"Juniors et \u00c9veil artistique"},"content":{"rendered":"\n<figure class=\"wp-block-image size-full\"><img loading=\"lazy\" decoding=\"async\" width=\"528\" height=\"739\" src=\"http:\/\/atelier-images-peripheriques.fr\/wp-content\/uploads\/2021\/12\/Lion_atelier-eveil-artistique-Atelier-images-peripheriques.jpg\" alt=\"\" class=\"wp-image-423\" srcset=\"https:\/\/atelier-images-peripheriques.fr\/wp-content\/uploads\/2021\/12\/Lion_atelier-eveil-artistique-Atelier-images-peripheriques.jpg 528w, https:\/\/atelier-images-peripheriques.fr\/wp-content\/uploads\/2021\/12\/Lion_atelier-eveil-artistique-Atelier-images-peripheriques-214x300.jpg 214w\" sizes=\"auto, (max-width: 528px) 100vw, 528px\" \/><figcaption class=\"wp-element-caption\">Lion, 6 ans. Atelier \u00e9veil artistique<\/figcaption><\/figure>\n\n\n\n<p><strong>Atelier Juniors-\u00c9veil artistique<\/strong> pour les enfants \u00e0 partir de six ans, cours en mini-groupe, un accompagnement pr\u00e9cis pour chaque \u00e9l\u00e8ve. <strong>(5 enfants maxi par s\u00e9ance<\/strong>)<br><strong>Techniques<\/strong> : Sont abord\u00e9s dans le cadre de cet atelier diverses techniques, le trait est une exp\u00e9rience unique, c&rsquo;est exp\u00e9rimenter la gouache, le pastel sec, l&rsquo;encre, le fusain, sur des formats raisin 50 x 60 cm.<\/p>\n\n\n\n<p><strong>mercredi de <\/strong>10h \u00e0 11h30 <\/p>\n\n\n\n<p><strong>Niveau: <\/strong>d\u00e9butants<\/p>\n\n\n\n<p><strong>Pr\u00e9requis <\/strong>: entre 5 et 6 ans<\/p>\n\n\n\n<p><strong>Forfait trimestriel <\/strong>: 10 cours de 1 heures 30 \/ 330 euros<\/p>\n\n\n\n<p><strong>Les fournitures de base sont comprises dans ces tarifs<\/strong>: crayons, mines de plomb, fusains, sanguines, craies noires, papiers kraft, papier 50\u00d760, couleurs primaires, pinceaux, encre<\/p>\n\n\n\n<p>Cr\u00e9dit photo: Atelier images p\u00e9riph\u00e9riques<\/p>\n\n\n\n<figure class=\"wp-block-image size-large\"><img loading=\"lazy\" decoding=\"async\" width=\"730\" height=\"1024\" src=\"http:\/\/atelier-images-peripheriques.fr\/wp-content\/uploads\/2022\/09\/ATELIER-DE-DESSIN-2022-DEF-PAGES-HD-PRINT53-730x1024.jpg\" alt=\"\" class=\"wp-image-583\" srcset=\"https:\/\/atelier-images-peripheriques.fr\/wp-content\/uploads\/2022\/09\/ATELIER-DE-DESSIN-2022-DEF-PAGES-HD-PRINT53-730x1024.jpg 730w, https:\/\/atelier-images-peripheriques.fr\/wp-content\/uploads\/2022\/09\/ATELIER-DE-DESSIN-2022-DEF-PAGES-HD-PRINT53-214x300.jpg 214w, https:\/\/atelier-images-peripheriques.fr\/wp-content\/uploads\/2022\/09\/ATELIER-DE-DESSIN-2022-DEF-PAGES-HD-PRINT53-768x1077.jpg 768w, https:\/\/atelier-images-peripheriques.fr\/wp-content\/uploads\/2022\/09\/ATELIER-DE-DESSIN-2022-DEF-PAGES-HD-PRINT53-1095x1536.jpg 1095w, https:\/\/atelier-images-peripheriques.fr\/wp-content\/uploads\/2022\/09\/ATELIER-DE-DESSIN-2022-DEF-PAGES-HD-PRINT53-1460x2048.jpg 1460w, https:\/\/atelier-images-peripheriques.fr\/wp-content\/uploads\/2022\/09\/ATELIER-DE-DESSIN-2022-DEF-PAGES-HD-PRINT53-scaled.jpg 1825w\" sizes=\"auto, (max-width: 730px) 100vw, 730px\" \/><figcaption class=\"wp-element-caption\">Ilina, le Lion, gouache  2022<\/figcaption><\/figure>\n","protected":false},"excerpt":{"rendered":"<p>Atelier Juniors-\u00c9veil artistique pour les enfants \u00e0 partir de six ans, cours en mini-groupe, un accompagnement pr\u00e9cis pour chaque \u00e9l\u00e8ve. (5 enfants maxi par s\u00e9ance)Techniques : Sont abord\u00e9s dans le cadre de cet atelier diverses techniques, le trait est une exp\u00e9rience unique, c&rsquo;est exp\u00e9rimenter la gouache, le pastel sec, l&rsquo;encre, le fusain, sur des formats &hellip; <\/p>\n<p class=\"link-more\"><a href=\"https:\/\/atelier-images-peripheriques.fr\/?page_id=41\" class=\"more-link\">Continuer la lecture<span class=\"screen-reader-text\"> de &laquo;&nbsp;Juniors et \u00c9veil artistique&nbsp;&raquo;<\/span><\/a><\/p>\n","protected":false},"author":1,"featured_media":0,"parent":0,"menu_order":0,"comment_status":"closed","ping_status":"closed","template":"","meta":{"footnotes":""},"class_list":["post-41","page","type-page","status-publish","hentry"],"yoast_head":"<!-- This site is optimized with the Yoast SEO plugin v24.2 - https:\/\/yoast.com\/wordpress\/plugins\/seo\/ -->\n<title>Juniors et \u00c9veil artistique - Atelier Images p\u00e9ripheriques<\/title>\n<meta name=\"description\" content=\"Atelier \u00e9veil artistique pour les enfants \u00e0 partir de six ans, cours en mini-groupe, un accompagnement pr\u00e9cis pour chaque \u00e9l\u00e8ve. (5 enfants maxi par s\u00e9ance)\" \/>\n<meta name=\"robots\" content=\"index, follow, max-snippet:-1, max-image-preview:large, max-video-preview:-1\" \/>\n<link rel=\"canonical\" href=\"https:\/\/atelier-images-peripheriques.fr\/?page_id=41\" \/>\n<meta property=\"og:locale\" content=\"fr_FR\" \/>\n<meta property=\"og:type\" content=\"article\" \/>\n<meta property=\"og:title\" content=\"Juniors et \u00c9veil artistique - Atelier Images p\u00e9ripheriques\" \/>\n<meta property=\"og:description\" content=\"Atelier \u00e9veil artistique pour les enfants \u00e0 partir de six ans, cours en mini-groupe, un accompagnement pr\u00e9cis pour chaque \u00e9l\u00e8ve. (5 enfants maxi par s\u00e9ance)\" \/>\n<meta property=\"og:url\" content=\"https:\/\/atelier-images-peripheriques.fr\/?page_id=41\" \/>\n<meta property=\"og:site_name\" content=\"Atelier Images p\u00e9ripheriques\" \/>\n<meta property=\"article:modified_time\" content=\"2023-11-09T11:28:37+00:00\" \/>\n<meta property=\"og:image\" content=\"http:\/\/atelier-images-peripheriques.fr\/wp-content\/uploads\/2021\/12\/Lion_atelier-eveil-artistique-Atelier-images-peripheriques.jpg\" \/>\n<meta name=\"twitter:card\" content=\"summary_large_image\" \/>\n<meta name=\"twitter:label1\" content=\"Dur\u00e9e de lecture estim\u00e9e\" \/>\n\t<meta name=\"twitter:data1\" content=\"2 minutes\" \/>\n<script type=\"application\/ld+json\" class=\"yoast-schema-graph\">{\"@context\":\"https:\/\/schema.org\",\"@graph\":[{\"@type\":\"WebPage\",\"@id\":\"https:\/\/atelier-images-peripheriques.fr\/?page_id=41\",\"url\":\"https:\/\/atelier-images-peripheriques.fr\/?page_id=41\",\"name\":\"Juniors et \u00c9veil artistique - Atelier Images p\u00e9ripheriques\",\"isPartOf\":{\"@id\":\"https:\/\/atelier-images-peripheriques.fr\/#website\"},\"primaryImageOfPage\":{\"@id\":\"https:\/\/atelier-images-peripheriques.fr\/?page_id=41#primaryimage\"},\"image\":{\"@id\":\"https:\/\/atelier-images-peripheriques.fr\/?page_id=41#primaryimage\"},\"thumbnailUrl\":\"http:\/\/atelier-images-peripheriques.fr\/wp-content\/uploads\/2021\/12\/Lion_atelier-eveil-artistique-Atelier-images-peripheriques.jpg\",\"datePublished\":\"2020-08-30T22:29:35+00:00\",\"dateModified\":\"2023-11-09T11:28:37+00:00\",\"description\":\"Atelier \u00e9veil artistique pour les enfants \u00e0 partir de six ans, cours en mini-groupe, un accompagnement pr\u00e9cis pour chaque \u00e9l\u00e8ve. (5 enfants maxi par s\u00e9ance)\",\"breadcrumb\":{\"@id\":\"https:\/\/atelier-images-peripheriques.fr\/?page_id=41#breadcrumb\"},\"inLanguage\":\"fr-FR\",\"potentialAction\":[{\"@type\":\"ReadAction\",\"target\":[\"https:\/\/atelier-images-peripheriques.fr\/?page_id=41\"]}]},{\"@type\":\"ImageObject\",\"inLanguage\":\"fr-FR\",\"@id\":\"https:\/\/atelier-images-peripheriques.fr\/?page_id=41#primaryimage\",\"url\":\"https:\/\/atelier-images-peripheriques.fr\/wp-content\/uploads\/2021\/12\/Lion_atelier-eveil-artistique-Atelier-images-peripheriques.jpg\",\"contentUrl\":\"https:\/\/atelier-images-peripheriques.fr\/wp-content\/uploads\/2021\/12\/Lion_atelier-eveil-artistique-Atelier-images-peripheriques.jpg\",\"width\":528,\"height\":739},{\"@type\":\"BreadcrumbList\",\"@id\":\"https:\/\/atelier-images-peripheriques.fr\/?page_id=41#breadcrumb\",\"itemListElement\":[{\"@type\":\"ListItem\",\"position\":1,\"name\":\"Accueil\",\"item\":\"https:\/\/atelier-images-peripheriques.fr\/\"},{\"@type\":\"ListItem\",\"position\":2,\"name\":\"Juniors et \u00c9veil artistique\"}]},{\"@type\":\"WebSite\",\"@id\":\"https:\/\/atelier-images-peripheriques.fr\/#website\",\"url\":\"https:\/\/atelier-images-peripheriques.fr\/\",\"name\":\"Atelier Images p\u00e9ripheriques\",\"description\":\"Atelier d&#039;artistes \/ Espace d&#039;exposition \u00e0 Bagnolet\",\"potentialAction\":[{\"@type\":\"SearchAction\",\"target\":{\"@type\":\"EntryPoint\",\"urlTemplate\":\"https:\/\/atelier-images-peripheriques.fr\/?s={search_term_string}\"},\"query-input\":{\"@type\":\"PropertyValueSpecification\",\"valueRequired\":true,\"valueName\":\"search_term_string\"}}],\"inLanguage\":\"fr-FR\"}]}<\/script>\n<!-- \/ Yoast SEO plugin. -->","yoast_head_json":{"title":"Juniors et \u00c9veil artistique - Atelier Images p\u00e9ripheriques","description":"Atelier \u00e9veil artistique pour les enfants \u00e0 partir de six ans, cours en mini-groupe, un accompagnement pr\u00e9cis pour chaque \u00e9l\u00e8ve. (5 enfants maxi par s\u00e9ance)","robots":{"index":"index","follow":"follow","max-snippet":"max-snippet:-1","max-image-preview":"max-image-preview:large","max-video-preview":"max-video-preview:-1"},"canonical":"https:\/\/atelier-images-peripheriques.fr\/?page_id=41","og_locale":"fr_FR","og_type":"article","og_title":"Juniors et \u00c9veil artistique - Atelier Images p\u00e9ripheriques","og_description":"Atelier \u00e9veil artistique pour les enfants \u00e0 partir de six ans, cours en mini-groupe, un accompagnement pr\u00e9cis pour chaque \u00e9l\u00e8ve. (5 enfants maxi par s\u00e9ance)","og_url":"https:\/\/atelier-images-peripheriques.fr\/?page_id=41","og_site_name":"Atelier Images p\u00e9ripheriques","article_modified_time":"2023-11-09T11:28:37+00:00","og_image":[{"url":"http:\/\/atelier-images-peripheriques.fr\/wp-content\/uploads\/2021\/12\/Lion_atelier-eveil-artistique-Atelier-images-peripheriques.jpg","type":"","width":"","height":""}],"twitter_card":"summary_large_image","twitter_misc":{"Dur\u00e9e de lecture estim\u00e9e":"2 minutes"},"schema":{"@context":"https:\/\/schema.org","@graph":[{"@type":"WebPage","@id":"https:\/\/atelier-images-peripheriques.fr\/?page_id=41","url":"https:\/\/atelier-images-peripheriques.fr\/?page_id=41","name":"Juniors et \u00c9veil artistique - Atelier Images p\u00e9ripheriques","isPartOf":{"@id":"https:\/\/atelier-images-peripheriques.fr\/#website"},"primaryImageOfPage":{"@id":"https:\/\/atelier-images-peripheriques.fr\/?page_id=41#primaryimage"},"image":{"@id":"https:\/\/atelier-images-peripheriques.fr\/?page_id=41#primaryimage"},"thumbnailUrl":"http:\/\/atelier-images-peripheriques.fr\/wp-content\/uploads\/2021\/12\/Lion_atelier-eveil-artistique-Atelier-images-peripheriques.jpg","datePublished":"2020-08-30T22:29:35+00:00","dateModified":"2023-11-09T11:28:37+00:00","description":"Atelier \u00e9veil artistique pour les enfants \u00e0 partir de six ans, cours en mini-groupe, un accompagnement pr\u00e9cis pour chaque \u00e9l\u00e8ve. (5 enfants maxi par s\u00e9ance)","breadcrumb":{"@id":"https:\/\/atelier-images-peripheriques.fr\/?page_id=41#breadcrumb"},"inLanguage":"fr-FR","potentialAction":[{"@type":"ReadAction","target":["https:\/\/atelier-images-peripheriques.fr\/?page_id=41"]}]},{"@type":"ImageObject","inLanguage":"fr-FR","@id":"https:\/\/atelier-images-peripheriques.fr\/?page_id=41#primaryimage","url":"https:\/\/atelier-images-peripheriques.fr\/wp-content\/uploads\/2021\/12\/Lion_atelier-eveil-artistique-Atelier-images-peripheriques.jpg","contentUrl":"https:\/\/atelier-images-peripheriques.fr\/wp-content\/uploads\/2021\/12\/Lion_atelier-eveil-artistique-Atelier-images-peripheriques.jpg","width":528,"height":739},{"@type":"BreadcrumbList","@id":"https:\/\/atelier-images-peripheriques.fr\/?page_id=41#breadcrumb","itemListElement":[{"@type":"ListItem","position":1,"name":"Accueil","item":"https:\/\/atelier-images-peripheriques.fr\/"},{"@type":"ListItem","position":2,"name":"Juniors et \u00c9veil artistique"}]},{"@type":"WebSite","@id":"https:\/\/atelier-images-peripheriques.fr\/#website","url":"https:\/\/atelier-images-peripheriques.fr\/","name":"Atelier Images p\u00e9ripheriques","description":"Atelier d&#039;artistes \/ Espace d&#039;exposition \u00e0 Bagnolet","potentialAction":[{"@type":"SearchAction","target":{"@type":"EntryPoint","urlTemplate":"https:\/\/atelier-images-peripheriques.fr\/?s={search_term_string}"},"query-input":{"@type":"PropertyValueSpecification","valueRequired":true,"valueName":"search_term_string"}}],"inLanguage":"fr-FR"}]}},"_links":{"self":[{"href":"https:\/\/atelier-images-peripheriques.fr\/index.php?rest_route=\/wp\/v2\/pages\/41","targetHints":{"allow":["GET"]}}],"collection":[{"href":"https:\/\/atelier-images-peripheriques.fr\/index.php?rest_route=\/wp\/v2\/pages"}],"about":[{"href":"https:\/\/atelier-images-peripheriques.fr\/index.php?rest_route=\/wp\/v2\/types\/page"}],"author":[{"embeddable":true,"href":"https:\/\/atelier-images-peripheriques.fr\/index.php?rest_route=\/wp\/v2\/users\/1"}],"replies":[{"embeddable":true,"href":"https:\/\/atelier-images-peripheriques.fr\/index.php?rest_route=%2Fwp%2Fv2%2Fcomments&post=41"}],"version-history":[{"count":17,"href":"https:\/\/atelier-images-peripheriques.fr\/index.php?rest_route=\/wp\/v2\/pages\/41\/revisions"}],"predecessor-version":[{"id":689,"href":"https:\/\/atelier-images-peripheriques.fr\/index.php?rest_route=\/wp\/v2\/pages\/41\/revisions\/689"}],"wp:attachment":[{"href":"https:\/\/atelier-images-peripheriques.fr\/index.php?rest_route=%2Fwp%2Fv2%2Fmedia&parent=41"}],"curies":[{"name":"wp","href":"https:\/\/api.w.org\/{rel}","templated":true}]}}