{"id":225,"date":"2021-10-23T13:31:52","date_gmt":"2021-10-23T11:31:52","guid":{"rendered":"http:\/\/atelier-images-peripheriques.fr\/?page_id=225"},"modified":"2022-02-04T09:37:36","modified_gmt":"2022-02-04T08:37:36","slug":"kare-magnole","status":"publish","type":"page","link":"https:\/\/atelier-images-peripheriques.fr\/?page_id=225","title":{"rendered":"Kare MAGNOLE"},"content":{"rendered":"\n<p>Artiste auteur. <\/p>\n\n\n\n<p>\u00ab\u00a0D\u2019une \u0153uvre \u00e0 l\u2019autre, l\u2019art singulier de Kare Magnole se d\u00e9couvre, un art du presque, de la suspension, de l\u2019imaginant qui pr\u00e9c\u00e8de l\u2019image, o\u00f9 l\u2019affleurement peut \u00eatre un effacement, o\u00f9 la simplicit\u00e9 du geste accomplit du transitoire, jugulant les \u00e9lans expansifs par des replis des signes \u00e0 l\u2019int\u00e9rieur des bords, o\u00f9 domine la nuance qui d\u00e9cline les gris, fusionne les strates, caresse les surfaces, o\u00f9 le d\u00e9sir de voir s\u2019inscrit avec la force de sa retenue.\u00a0\u00bb  <\/p>\n\n\n\n<p>Pascale Brun, nov 2021. Extrait texte de l&rsquo;exposition \u00ab\u00a0Tout n&rsquo;est que recommencement\u00a0\u00bb<\/p>\n","protected":false},"excerpt":{"rendered":"<p>Artiste auteur. \u00ab\u00a0D\u2019une \u0153uvre \u00e0 l\u2019autre, l\u2019art singulier de Kare Magnole se d\u00e9couvre, un art du presque, de la suspension, de l\u2019imaginant qui pr\u00e9c\u00e8de l\u2019image, o\u00f9 l\u2019affleurement peut \u00eatre un effacement, o\u00f9 la simplicit\u00e9 du geste accomplit du transitoire, jugulant les \u00e9lans expansifs par des replis des signes \u00e0 l\u2019int\u00e9rieur des bords, o\u00f9 domine la &hellip; <\/p>\n<p class=\"link-more\"><a href=\"https:\/\/atelier-images-peripheriques.fr\/?page_id=225\" class=\"more-link\">Continuer la lecture<span class=\"screen-reader-text\"> de &laquo;&nbsp;Kare MAGNOLE&nbsp;&raquo;<\/span><\/a><\/p>\n","protected":false},"author":1,"featured_media":0,"parent":0,"menu_order":0,"comment_status":"closed","ping_status":"closed","template":"","meta":{"footnotes":""},"class_list":["post-225","page","type-page","status-publish","hentry"],"yoast_head":"<!-- This site is optimized with the Yoast SEO plugin v24.2 - https:\/\/yoast.com\/wordpress\/plugins\/seo\/ -->\n<title>Kare MAGNOLE - Atelier Images p\u00e9ripheriques<\/title>\n<meta name=\"robots\" content=\"index, follow, max-snippet:-1, max-image-preview:large, max-video-preview:-1\" \/>\n<link rel=\"canonical\" href=\"https:\/\/atelier-images-peripheriques.fr\/?page_id=225\" \/>\n<meta property=\"og:locale\" content=\"fr_FR\" \/>\n<meta property=\"og:type\" content=\"article\" \/>\n<meta property=\"og:title\" content=\"Kare MAGNOLE - Atelier Images p\u00e9ripheriques\" \/>\n<meta property=\"og:description\" content=\"Artiste auteur. \u00ab\u00a0D\u2019une \u0153uvre \u00e0 l\u2019autre, l\u2019art singulier de Kare Magnole se d\u00e9couvre, un art du presque, de la suspension, de l\u2019imaginant qui pr\u00e9c\u00e8de l\u2019image, o\u00f9 l\u2019affleurement peut \u00eatre un effacement, o\u00f9 la simplicit\u00e9 du geste accomplit du transitoire, jugulant les \u00e9lans expansifs par des replis des signes \u00e0 l\u2019int\u00e9rieur des bords, o\u00f9 domine la &hellip; Continuer la lecture de &laquo;&nbsp;Kare MAGNOLE&nbsp;&raquo;\" \/>\n<meta property=\"og:url\" content=\"https:\/\/atelier-images-peripheriques.fr\/?page_id=225\" \/>\n<meta property=\"og:site_name\" content=\"Atelier Images p\u00e9ripheriques\" \/>\n<meta property=\"article:modified_time\" content=\"2022-02-04T08:37:36+00:00\" \/>\n<meta name=\"twitter:card\" content=\"summary_large_image\" \/>\n<meta name=\"twitter:label1\" content=\"Dur\u00e9e de lecture estim\u00e9e\" \/>\n\t<meta name=\"twitter:data1\" content=\"1 minute\" \/>\n<script type=\"application\/ld+json\" class=\"yoast-schema-graph\">{\"@context\":\"https:\/\/schema.org\",\"@graph\":[{\"@type\":\"WebPage\",\"@id\":\"https:\/\/atelier-images-peripheriques.fr\/?page_id=225\",\"url\":\"https:\/\/atelier-images-peripheriques.fr\/?page_id=225\",\"name\":\"Kare MAGNOLE - Atelier Images p\u00e9ripheriques\",\"isPartOf\":{\"@id\":\"https:\/\/atelier-images-peripheriques.fr\/#website\"},\"datePublished\":\"2021-10-23T11:31:52+00:00\",\"dateModified\":\"2022-02-04T08:37:36+00:00\",\"breadcrumb\":{\"@id\":\"https:\/\/atelier-images-peripheriques.fr\/?page_id=225#breadcrumb\"},\"inLanguage\":\"fr-FR\",\"potentialAction\":[{\"@type\":\"ReadAction\",\"target\":[\"https:\/\/atelier-images-peripheriques.fr\/?page_id=225\"]}]},{\"@type\":\"BreadcrumbList\",\"@id\":\"https:\/\/atelier-images-peripheriques.fr\/?page_id=225#breadcrumb\",\"itemListElement\":[{\"@type\":\"ListItem\",\"position\":1,\"name\":\"Accueil\",\"item\":\"https:\/\/atelier-images-peripheriques.fr\/\"},{\"@type\":\"ListItem\",\"position\":2,\"name\":\"Kare MAGNOLE\"}]},{\"@type\":\"WebSite\",\"@id\":\"https:\/\/atelier-images-peripheriques.fr\/#website\",\"url\":\"https:\/\/atelier-images-peripheriques.fr\/\",\"name\":\"Atelier Images p\u00e9ripheriques\",\"description\":\"Atelier d&#039;artistes \/ Espace d&#039;exposition \u00e0 Bagnolet\",\"potentialAction\":[{\"@type\":\"SearchAction\",\"target\":{\"@type\":\"EntryPoint\",\"urlTemplate\":\"https:\/\/atelier-images-peripheriques.fr\/?s={search_term_string}\"},\"query-input\":{\"@type\":\"PropertyValueSpecification\",\"valueRequired\":true,\"valueName\":\"search_term_string\"}}],\"inLanguage\":\"fr-FR\"}]}<\/script>\n<!-- \/ Yoast SEO plugin. -->","yoast_head_json":{"title":"Kare MAGNOLE - Atelier Images p\u00e9ripheriques","robots":{"index":"index","follow":"follow","max-snippet":"max-snippet:-1","max-image-preview":"max-image-preview:large","max-video-preview":"max-video-preview:-1"},"canonical":"https:\/\/atelier-images-peripheriques.fr\/?page_id=225","og_locale":"fr_FR","og_type":"article","og_title":"Kare MAGNOLE - Atelier Images p\u00e9ripheriques","og_description":"Artiste auteur. \u00ab\u00a0D\u2019une \u0153uvre \u00e0 l\u2019autre, l\u2019art singulier de Kare Magnole se d\u00e9couvre, un art du presque, de la suspension, de l\u2019imaginant qui pr\u00e9c\u00e8de l\u2019image, o\u00f9 l\u2019affleurement peut \u00eatre un effacement, o\u00f9 la simplicit\u00e9 du geste accomplit du transitoire, jugulant les \u00e9lans expansifs par des replis des signes \u00e0 l\u2019int\u00e9rieur des bords, o\u00f9 domine la &hellip; Continuer la lecture de &laquo;&nbsp;Kare MAGNOLE&nbsp;&raquo;","og_url":"https:\/\/atelier-images-peripheriques.fr\/?page_id=225","og_site_name":"Atelier Images p\u00e9ripheriques","article_modified_time":"2022-02-04T08:37:36+00:00","twitter_card":"summary_large_image","twitter_misc":{"Dur\u00e9e de lecture estim\u00e9e":"1 minute"},"schema":{"@context":"https:\/\/schema.org","@graph":[{"@type":"WebPage","@id":"https:\/\/atelier-images-peripheriques.fr\/?page_id=225","url":"https:\/\/atelier-images-peripheriques.fr\/?page_id=225","name":"Kare MAGNOLE - Atelier Images p\u00e9ripheriques","isPartOf":{"@id":"https:\/\/atelier-images-peripheriques.fr\/#website"},"datePublished":"2021-10-23T11:31:52+00:00","dateModified":"2022-02-04T08:37:36+00:00","breadcrumb":{"@id":"https:\/\/atelier-images-peripheriques.fr\/?page_id=225#breadcrumb"},"inLanguage":"fr-FR","potentialAction":[{"@type":"ReadAction","target":["https:\/\/atelier-images-peripheriques.fr\/?page_id=225"]}]},{"@type":"BreadcrumbList","@id":"https:\/\/atelier-images-peripheriques.fr\/?page_id=225#breadcrumb","itemListElement":[{"@type":"ListItem","position":1,"name":"Accueil","item":"https:\/\/atelier-images-peripheriques.fr\/"},{"@type":"ListItem","position":2,"name":"Kare MAGNOLE"}]},{"@type":"WebSite","@id":"https:\/\/atelier-images-peripheriques.fr\/#website","url":"https:\/\/atelier-images-peripheriques.fr\/","name":"Atelier Images p\u00e9ripheriques","description":"Atelier d&#039;artistes \/ Espace d&#039;exposition \u00e0 Bagnolet","potentialAction":[{"@type":"SearchAction","target":{"@type":"EntryPoint","urlTemplate":"https:\/\/atelier-images-peripheriques.fr\/?s={search_term_string}"},"query-input":{"@type":"PropertyValueSpecification","valueRequired":true,"valueName":"search_term_string"}}],"inLanguage":"fr-FR"}]}},"_links":{"self":[{"href":"https:\/\/atelier-images-peripheriques.fr\/index.php?rest_route=\/wp\/v2\/pages\/225","targetHints":{"allow":["GET"]}}],"collection":[{"href":"https:\/\/atelier-images-peripheriques.fr\/index.php?rest_route=\/wp\/v2\/pages"}],"about":[{"href":"https:\/\/atelier-images-peripheriques.fr\/index.php?rest_route=\/wp\/v2\/types\/page"}],"author":[{"embeddable":true,"href":"https:\/\/atelier-images-peripheriques.fr\/index.php?rest_route=\/wp\/v2\/users\/1"}],"replies":[{"embeddable":true,"href":"https:\/\/atelier-images-peripheriques.fr\/index.php?rest_route=%2Fwp%2Fv2%2Fcomments&post=225"}],"version-history":[{"count":5,"href":"https:\/\/atelier-images-peripheriques.fr\/index.php?rest_route=\/wp\/v2\/pages\/225\/revisions"}],"predecessor-version":[{"id":509,"href":"https:\/\/atelier-images-peripheriques.fr\/index.php?rest_route=\/wp\/v2\/pages\/225\/revisions\/509"}],"wp:attachment":[{"href":"https:\/\/atelier-images-peripheriques.fr\/index.php?rest_route=%2Fwp%2Fv2%2Fmedia&parent=225"}],"curies":[{"name":"wp","href":"https:\/\/api.w.org\/{rel}","templated":true}]}}