{"id":222,"date":"2021-10-23T13:25:30","date_gmt":"2021-10-23T11:25:30","guid":{"rendered":"http:\/\/atelier-images-peripheriques.fr\/?page_id=222"},"modified":"2022-02-04T09:22:40","modified_gmt":"2022-02-04T08:22:40","slug":"christophe-ponceau","status":"publish","type":"page","link":"https:\/\/atelier-images-peripheriques.fr\/?page_id=222","title":{"rendered":"Christophe PONCEAU"},"content":{"rendered":"\n<p>Sc\u00e9nographe, directeur artistique, architecte paysagiste. <\/p>\n\n\n\n<p>He founds his studio with M\u00e9lanie Drevet engaging landscape through a wide scope of design projects, from large scale urban design to smaller scale private gardes. At the same time, he explores curation, temporary installation and exhibition as a mode of landscape design.<\/p>\n\n\n\n<p>His research and practice situates landscape at the forefront of design an art. In the european context, while garden are ubiquitous, their rarely confront comtemporeity as an experimental mode of aesthetic and public engagement. Few creative gardens receive mediatized attention, even when they accompany hightly publicized architectural works.<\/p>\n\n\n\n<p>christophe-ponceau.com<\/p>\n","protected":false},"excerpt":{"rendered":"<p>Sc\u00e9nographe, directeur artistique, architecte paysagiste. He founds his studio with M\u00e9lanie Drevet engaging landscape through a wide scope of design projects, from large scale urban design to smaller scale private gardes. At the same time, he explores curation, temporary installation and exhibition as a mode of landscape design. His research and practice situates landscape at &hellip; <\/p>\n<p class=\"link-more\"><a href=\"https:\/\/atelier-images-peripheriques.fr\/?page_id=222\" class=\"more-link\">Continuer la lecture<span class=\"screen-reader-text\"> de &laquo;&nbsp;Christophe PONCEAU&nbsp;&raquo;<\/span><\/a><\/p>\n","protected":false},"author":1,"featured_media":0,"parent":0,"menu_order":0,"comment_status":"closed","ping_status":"closed","template":"","meta":{"footnotes":""},"class_list":["post-222","page","type-page","status-publish","hentry"],"yoast_head":"<!-- This site is optimized with the Yoast SEO plugin v24.2 - https:\/\/yoast.com\/wordpress\/plugins\/seo\/ -->\n<title>Christophe PONCEAU - Atelier Images p\u00e9ripheriques<\/title>\n<meta name=\"robots\" content=\"index, follow, max-snippet:-1, max-image-preview:large, max-video-preview:-1\" \/>\n<link rel=\"canonical\" href=\"https:\/\/atelier-images-peripheriques.fr\/?page_id=222\" \/>\n<meta property=\"og:locale\" content=\"fr_FR\" \/>\n<meta property=\"og:type\" content=\"article\" \/>\n<meta property=\"og:title\" content=\"Christophe PONCEAU - Atelier Images p\u00e9ripheriques\" \/>\n<meta property=\"og:description\" content=\"Sc\u00e9nographe, directeur artistique, architecte paysagiste. He founds his studio with M\u00e9lanie Drevet engaging landscape through a wide scope of design projects, from large scale urban design to smaller scale private gardes. At the same time, he explores curation, temporary installation and exhibition as a mode of landscape design. His research and practice situates landscape at &hellip; Continuer la lecture de &laquo;&nbsp;Christophe PONCEAU&nbsp;&raquo;\" \/>\n<meta property=\"og:url\" content=\"https:\/\/atelier-images-peripheriques.fr\/?page_id=222\" \/>\n<meta property=\"og:site_name\" content=\"Atelier Images p\u00e9ripheriques\" \/>\n<meta property=\"article:modified_time\" content=\"2022-02-04T08:22:40+00:00\" \/>\n<meta name=\"twitter:card\" content=\"summary_large_image\" \/>\n<meta name=\"twitter:label1\" content=\"Dur\u00e9e de lecture estim\u00e9e\" \/>\n\t<meta name=\"twitter:data1\" content=\"1 minute\" \/>\n<script type=\"application\/ld+json\" class=\"yoast-schema-graph\">{\"@context\":\"https:\/\/schema.org\",\"@graph\":[{\"@type\":\"WebPage\",\"@id\":\"https:\/\/atelier-images-peripheriques.fr\/?page_id=222\",\"url\":\"https:\/\/atelier-images-peripheriques.fr\/?page_id=222\",\"name\":\"Christophe PONCEAU - Atelier Images p\u00e9ripheriques\",\"isPartOf\":{\"@id\":\"https:\/\/atelier-images-peripheriques.fr\/#website\"},\"datePublished\":\"2021-10-23T11:25:30+00:00\",\"dateModified\":\"2022-02-04T08:22:40+00:00\",\"breadcrumb\":{\"@id\":\"https:\/\/atelier-images-peripheriques.fr\/?page_id=222#breadcrumb\"},\"inLanguage\":\"fr-FR\",\"potentialAction\":[{\"@type\":\"ReadAction\",\"target\":[\"https:\/\/atelier-images-peripheriques.fr\/?page_id=222\"]}]},{\"@type\":\"BreadcrumbList\",\"@id\":\"https:\/\/atelier-images-peripheriques.fr\/?page_id=222#breadcrumb\",\"itemListElement\":[{\"@type\":\"ListItem\",\"position\":1,\"name\":\"Accueil\",\"item\":\"https:\/\/atelier-images-peripheriques.fr\/\"},{\"@type\":\"ListItem\",\"position\":2,\"name\":\"Christophe PONCEAU\"}]},{\"@type\":\"WebSite\",\"@id\":\"https:\/\/atelier-images-peripheriques.fr\/#website\",\"url\":\"https:\/\/atelier-images-peripheriques.fr\/\",\"name\":\"Atelier Images p\u00e9ripheriques\",\"description\":\"Atelier d&#039;artistes \/ Espace d&#039;exposition \u00e0 Bagnolet\",\"potentialAction\":[{\"@type\":\"SearchAction\",\"target\":{\"@type\":\"EntryPoint\",\"urlTemplate\":\"https:\/\/atelier-images-peripheriques.fr\/?s={search_term_string}\"},\"query-input\":{\"@type\":\"PropertyValueSpecification\",\"valueRequired\":true,\"valueName\":\"search_term_string\"}}],\"inLanguage\":\"fr-FR\"}]}<\/script>\n<!-- \/ Yoast SEO plugin. -->","yoast_head_json":{"title":"Christophe PONCEAU - Atelier Images p\u00e9ripheriques","robots":{"index":"index","follow":"follow","max-snippet":"max-snippet:-1","max-image-preview":"max-image-preview:large","max-video-preview":"max-video-preview:-1"},"canonical":"https:\/\/atelier-images-peripheriques.fr\/?page_id=222","og_locale":"fr_FR","og_type":"article","og_title":"Christophe PONCEAU - Atelier Images p\u00e9ripheriques","og_description":"Sc\u00e9nographe, directeur artistique, architecte paysagiste. He founds his studio with M\u00e9lanie Drevet engaging landscape through a wide scope of design projects, from large scale urban design to smaller scale private gardes. At the same time, he explores curation, temporary installation and exhibition as a mode of landscape design. His research and practice situates landscape at &hellip; Continuer la lecture de &laquo;&nbsp;Christophe PONCEAU&nbsp;&raquo;","og_url":"https:\/\/atelier-images-peripheriques.fr\/?page_id=222","og_site_name":"Atelier Images p\u00e9ripheriques","article_modified_time":"2022-02-04T08:22:40+00:00","twitter_card":"summary_large_image","twitter_misc":{"Dur\u00e9e de lecture estim\u00e9e":"1 minute"},"schema":{"@context":"https:\/\/schema.org","@graph":[{"@type":"WebPage","@id":"https:\/\/atelier-images-peripheriques.fr\/?page_id=222","url":"https:\/\/atelier-images-peripheriques.fr\/?page_id=222","name":"Christophe PONCEAU - Atelier Images p\u00e9ripheriques","isPartOf":{"@id":"https:\/\/atelier-images-peripheriques.fr\/#website"},"datePublished":"2021-10-23T11:25:30+00:00","dateModified":"2022-02-04T08:22:40+00:00","breadcrumb":{"@id":"https:\/\/atelier-images-peripheriques.fr\/?page_id=222#breadcrumb"},"inLanguage":"fr-FR","potentialAction":[{"@type":"ReadAction","target":["https:\/\/atelier-images-peripheriques.fr\/?page_id=222"]}]},{"@type":"BreadcrumbList","@id":"https:\/\/atelier-images-peripheriques.fr\/?page_id=222#breadcrumb","itemListElement":[{"@type":"ListItem","position":1,"name":"Accueil","item":"https:\/\/atelier-images-peripheriques.fr\/"},{"@type":"ListItem","position":2,"name":"Christophe PONCEAU"}]},{"@type":"WebSite","@id":"https:\/\/atelier-images-peripheriques.fr\/#website","url":"https:\/\/atelier-images-peripheriques.fr\/","name":"Atelier Images p\u00e9ripheriques","description":"Atelier d&#039;artistes \/ Espace d&#039;exposition \u00e0 Bagnolet","potentialAction":[{"@type":"SearchAction","target":{"@type":"EntryPoint","urlTemplate":"https:\/\/atelier-images-peripheriques.fr\/?s={search_term_string}"},"query-input":{"@type":"PropertyValueSpecification","valueRequired":true,"valueName":"search_term_string"}}],"inLanguage":"fr-FR"}]}},"_links":{"self":[{"href":"https:\/\/atelier-images-peripheriques.fr\/index.php?rest_route=\/wp\/v2\/pages\/222","targetHints":{"allow":["GET"]}}],"collection":[{"href":"https:\/\/atelier-images-peripheriques.fr\/index.php?rest_route=\/wp\/v2\/pages"}],"about":[{"href":"https:\/\/atelier-images-peripheriques.fr\/index.php?rest_route=\/wp\/v2\/types\/page"}],"author":[{"embeddable":true,"href":"https:\/\/atelier-images-peripheriques.fr\/index.php?rest_route=\/wp\/v2\/users\/1"}],"replies":[{"embeddable":true,"href":"https:\/\/atelier-images-peripheriques.fr\/index.php?rest_route=%2Fwp%2Fv2%2Fcomments&post=222"}],"version-history":[{"count":5,"href":"https:\/\/atelier-images-peripheriques.fr\/index.php?rest_route=\/wp\/v2\/pages\/222\/revisions"}],"predecessor-version":[{"id":501,"href":"https:\/\/atelier-images-peripheriques.fr\/index.php?rest_route=\/wp\/v2\/pages\/222\/revisions\/501"}],"wp:attachment":[{"href":"https:\/\/atelier-images-peripheriques.fr\/index.php?rest_route=%2Fwp%2Fv2%2Fmedia&parent=222"}],"curies":[{"name":"wp","href":"https:\/\/api.w.org\/{rel}","templated":true}]}}