{"id":20,"date":"2020-08-31T00:23:45","date_gmt":"2020-08-30T22:23:45","guid":{"rendered":"http:\/\/atelier-images-peripheriques.fr\/?page_id=20"},"modified":"2023-09-22T09:36:56","modified_gmt":"2023-09-22T07:36:56","slug":"atelier-images-peripheriques","status":"publish","type":"page","link":"https:\/\/atelier-images-peripheriques.fr\/","title":{"rendered":"Atelier Images p\u00e9riph\u00e9riques"},"content":{"rendered":"\n<p><strong>Bagnolet, Montreuil, Paris. <\/strong><br><br>Trois espaces d\u2019exp\u00e9rimentations s\u2019imposent, observatoires de la diversit\u00e9 des expressions, ils dessinent et t\u00e9moignent de la pluralit\u00e9 des cheminements.&nbsp;<br>&nbsp;<\/p>\n\n\n<p class=\"fonts-plugin-block \" style=\"font-family: arial\"><\/p>\n\n\n<div class=\"wp-block-columns is-layout-flex wp-container-core-columns-is-layout-9d6595d7 wp-block-columns-is-layout-flex\">\n<div class=\"wp-block-column is-layout-flow wp-block-column-is-layout-flow\">\n<figure class=\"wp-block-image size-large\"><img loading=\"lazy\" decoding=\"async\" width=\"1024\" height=\"1024\" src=\"http:\/\/atelier-images-peripheriques.fr\/wp-content\/uploads\/2021\/10\/atelier-images-peripheriques-expo-IMG_5064-1024x1024.jpg\" alt=\"\" class=\"wp-image-295\" srcset=\"https:\/\/atelier-images-peripheriques.fr\/wp-content\/uploads\/2021\/10\/atelier-images-peripheriques-expo-IMG_5064-1024x1024.jpg 1024w, https:\/\/atelier-images-peripheriques.fr\/wp-content\/uploads\/2021\/10\/atelier-images-peripheriques-expo-IMG_5064-300x300.jpg 300w, https:\/\/atelier-images-peripheriques.fr\/wp-content\/uploads\/2021\/10\/atelier-images-peripheriques-expo-IMG_5064-150x150.jpg 150w, https:\/\/atelier-images-peripheriques.fr\/wp-content\/uploads\/2021\/10\/atelier-images-peripheriques-expo-IMG_5064-768x768.jpg 768w, https:\/\/atelier-images-peripheriques.fr\/wp-content\/uploads\/2021\/10\/atelier-images-peripheriques-expo-IMG_5064-1536x1536.jpg 1536w, https:\/\/atelier-images-peripheriques.fr\/wp-content\/uploads\/2021\/10\/atelier-images-peripheriques-expo-IMG_5064-100x100.jpg 100w, https:\/\/atelier-images-peripheriques.fr\/wp-content\/uploads\/2021\/10\/atelier-images-peripheriques-expo-IMG_5064.jpg 1840w\" sizes=\"auto, (max-width: 706px) 89vw, (max-width: 767px) 82vw, 740px\" \/><figcaption class=\"wp-element-caption\"><a href=\"http:\/\/atelier-images-peripheriques.fr\/?page_id=118\"><strong>L&rsquo;atelier<\/strong> <\/a><br><br>Un atelier d&rsquo;artiste, espace de travail, et de recherche \u00e0 Bagnolet. C&rsquo;est aussi un site.<\/figcaption><\/figure>\n\n\n<p class=\"fonts-plugin-block \" style=\"font-family: arial;font-size: 14px\"><\/p><\/div>\n\n\n\n<div class=\"wp-block-column is-layout-flow wp-block-column-is-layout-flow\">\n<figure class=\"wp-block-image size-large is-resized\"><img loading=\"lazy\" decoding=\"async\" src=\"http:\/\/atelier-images-peripheriques.fr\/wp-content\/uploads\/2021\/10\/Exposition-Patrick-Renaud-Atelier-images-pe\u0301riphe\u0301riques-68751536_1955208977844648_6713129146022625280_n-4-1001x1024.jpg\" alt=\"\" class=\"wp-image-183\" style=\"width:200px;height:204px\" width=\"200\" height=\"204\" srcset=\"https:\/\/atelier-images-peripheriques.fr\/wp-content\/uploads\/2021\/10\/Exposition-Patrick-Renaud-Atelier-images-pe\u0301riphe\u0301riques-68751536_1955208977844648_6713129146022625280_n-4-1001x1024.jpg 1001w, https:\/\/atelier-images-peripheriques.fr\/wp-content\/uploads\/2021\/10\/Exposition-Patrick-Renaud-Atelier-images-pe\u0301riphe\u0301riques-68751536_1955208977844648_6713129146022625280_n-4-293x300.jpg 293w, https:\/\/atelier-images-peripheriques.fr\/wp-content\/uploads\/2021\/10\/Exposition-Patrick-Renaud-Atelier-images-pe\u0301riphe\u0301riques-68751536_1955208977844648_6713129146022625280_n-4-768x785.jpg 768w, https:\/\/atelier-images-peripheriques.fr\/wp-content\/uploads\/2021\/10\/Exposition-Patrick-Renaud-Atelier-images-pe\u0301riphe\u0301riques-68751536_1955208977844648_6713129146022625280_n-4-1502x1536.jpg 1502w, https:\/\/atelier-images-peripheriques.fr\/wp-content\/uploads\/2021\/10\/Exposition-Patrick-Renaud-Atelier-images-pe\u0301riphe\u0301riques-68751536_1955208977844648_6713129146022625280_n-4-2003x2048.jpg 2003w\" sizes=\"auto, (max-width: 200px) 100vw, 200px\" \/><figcaption class=\"wp-element-caption\"><a href=\"http:\/\/atelier-images-peripheriques.fr\/?page_id=10\"><strong>Les expositions<\/strong> <\/a><br><br>Un blog, espace de monstration pour les artistes, et les actualit\u00e9s du lieu.<\/figcaption><\/figure>\n\n\n<p class=\"fonts-plugin-block \"><\/p><\/div>\n\n\n\n<div class=\"wp-block-column is-layout-flow wp-block-column-is-layout-flow\">\n<figure class=\"wp-block-image size-large\"><img loading=\"lazy\" decoding=\"async\" width=\"1024\" height=\"1024\" src=\"http:\/\/atelier-images-peripheriques.fr\/wp-content\/uploads\/2021\/10\/atelier-images-Periphe\u0301riques-les-Muse\u0301es-Guimet-cours-de-dessin-1024x1024.jpg\" alt=\"\" class=\"wp-image-298\" srcset=\"https:\/\/atelier-images-peripheriques.fr\/wp-content\/uploads\/2021\/10\/atelier-images-Periphe\u0301riques-les-Muse\u0301es-Guimet-cours-de-dessin-1024x1024.jpg 1024w, https:\/\/atelier-images-peripheriques.fr\/wp-content\/uploads\/2021\/10\/atelier-images-Periphe\u0301riques-les-Muse\u0301es-Guimet-cours-de-dessin-300x300.jpg 300w, https:\/\/atelier-images-peripheriques.fr\/wp-content\/uploads\/2021\/10\/atelier-images-Periphe\u0301riques-les-Muse\u0301es-Guimet-cours-de-dessin-150x150.jpg 150w, https:\/\/atelier-images-peripheriques.fr\/wp-content\/uploads\/2021\/10\/atelier-images-Periphe\u0301riques-les-Muse\u0301es-Guimet-cours-de-dessin-768x768.jpg 768w, https:\/\/atelier-images-peripheriques.fr\/wp-content\/uploads\/2021\/10\/atelier-images-Periphe\u0301riques-les-Muse\u0301es-Guimet-cours-de-dessin-1536x1536.jpg 1536w, https:\/\/atelier-images-peripheriques.fr\/wp-content\/uploads\/2021\/10\/atelier-images-Periphe\u0301riques-les-Muse\u0301es-Guimet-cours-de-dessin-100x100.jpg 100w, https:\/\/atelier-images-peripheriques.fr\/wp-content\/uploads\/2021\/10\/atelier-images-Periphe\u0301riques-les-Muse\u0301es-Guimet-cours-de-dessin.jpg 1840w\" sizes=\"auto, (max-width: 706px) 89vw, (max-width: 767px) 82vw, 740px\" \/><figcaption class=\"wp-element-caption\"><a href=\"http:\/\/atelier-images-peripheriques.fr\/?page_id=25\"><strong>Les cours de dessin<\/strong> <\/a><br><br>Un espace de transmission, cours de dessin tous niveaux en atelier et en Mus\u00e9es.<\/figcaption><\/figure>\n\n\n<p class=\"fonts-plugin-block \" style=\"font-family: arial;font-size: 14px\"><br><\/p>\n\n\n<div class=\"wp-block-buttons is-layout-flex wp-block-buttons-is-layout-flex\"><\/div>\n<\/div>\n<\/div>\n\n\n<p class=\"fonts-plugin-block \"><\/p>","protected":false},"excerpt":{"rendered":"<p>Bagnolet, Montreuil, Paris. Trois espaces d\u2019exp\u00e9rimentations s\u2019imposent, observatoires de la diversit\u00e9 des expressions, ils dessinent et t\u00e9moignent de la pluralit\u00e9 des cheminements.&nbsp;&nbsp;<\/p>\n","protected":false},"author":1,"featured_media":0,"parent":0,"menu_order":0,"comment_status":"closed","ping_status":"closed","template":"","meta":{"footnotes":""},"class_list":["post-20","page","type-page","status-publish","hentry"],"yoast_head":"<!-- This site is optimized with the Yoast SEO plugin v24.2 - https:\/\/yoast.com\/wordpress\/plugins\/seo\/ -->\n<title>Atelier Images p\u00e9riph\u00e9riques - Atelier Images p\u00e9ripheriques<\/title>\n<meta name=\"description\" content=\"Atelier et collectif d&#039;artistes, l&#039;atelier propose un espace d&#039;exposition-galerie \u00e0 Bagnolet, en p\u00e9riph\u00e9rie de Paris, et Montreuil, c&#039;est aussi un espace de transmission avec des cours de dessin dans les Mus\u00e9es.\" \/>\n<meta name=\"robots\" content=\"index, follow, max-snippet:-1, max-image-preview:large, max-video-preview:-1\" \/>\n<link rel=\"canonical\" href=\"https:\/\/atelier-images-peripheriques.fr\/\" \/>\n<meta property=\"og:locale\" content=\"fr_FR\" \/>\n<meta property=\"og:type\" content=\"article\" \/>\n<meta property=\"og:title\" content=\"Atelier Images p\u00e9riph\u00e9riques - Atelier Images p\u00e9ripheriques\" \/>\n<meta property=\"og:description\" content=\"Atelier et collectif d&#039;artistes, l&#039;atelier propose un espace d&#039;exposition-galerie \u00e0 Bagnolet, en p\u00e9riph\u00e9rie de Paris, et Montreuil, c&#039;est aussi un espace de transmission avec des cours de dessin dans les Mus\u00e9es.\" \/>\n<meta property=\"og:url\" content=\"https:\/\/atelier-images-peripheriques.fr\/\" \/>\n<meta property=\"og:site_name\" content=\"Atelier Images p\u00e9ripheriques\" \/>\n<meta property=\"article:modified_time\" content=\"2023-09-22T07:36:56+00:00\" \/>\n<meta property=\"og:image\" content=\"http:\/\/atelier-images-peripheriques.fr\/wp-content\/uploads\/2021\/10\/atelier-images-peripheriques-expo-IMG_5064-1024x1024.jpg\" \/>\n<meta name=\"twitter:card\" content=\"summary_large_image\" \/>\n<meta name=\"twitter:label1\" content=\"Dur\u00e9e de lecture estim\u00e9e\" \/>\n\t<meta name=\"twitter:data1\" content=\"1 minute\" \/>\n<script type=\"application\/ld+json\" class=\"yoast-schema-graph\">{\"@context\":\"https:\/\/schema.org\",\"@graph\":[{\"@type\":[\"WebPage\",\"AboutPage\"],\"@id\":\"https:\/\/atelier-images-peripheriques.fr\/\",\"url\":\"https:\/\/atelier-images-peripheriques.fr\/\",\"name\":\"Atelier Images p\u00e9riph\u00e9riques - Atelier Images p\u00e9ripheriques\",\"isPartOf\":{\"@id\":\"https:\/\/atelier-images-peripheriques.fr\/#website\"},\"primaryImageOfPage\":{\"@id\":\"https:\/\/atelier-images-peripheriques.fr\/#primaryimage\"},\"image\":{\"@id\":\"https:\/\/atelier-images-peripheriques.fr\/#primaryimage\"},\"thumbnailUrl\":\"http:\/\/atelier-images-peripheriques.fr\/wp-content\/uploads\/2021\/10\/atelier-images-peripheriques-expo-IMG_5064-1024x1024.jpg\",\"datePublished\":\"2020-08-30T22:23:45+00:00\",\"dateModified\":\"2023-09-22T07:36:56+00:00\",\"description\":\"Atelier et collectif d'artistes, l'atelier propose un espace d'exposition-galerie \u00e0 Bagnolet, en p\u00e9riph\u00e9rie de Paris, et Montreuil, c'est aussi un espace de transmission avec des cours de dessin dans les Mus\u00e9es.\",\"breadcrumb\":{\"@id\":\"https:\/\/atelier-images-peripheriques.fr\/#breadcrumb\"},\"inLanguage\":\"fr-FR\",\"potentialAction\":[{\"@type\":\"ReadAction\",\"target\":[\"https:\/\/atelier-images-peripheriques.fr\/\"]}]},{\"@type\":\"ImageObject\",\"inLanguage\":\"fr-FR\",\"@id\":\"https:\/\/atelier-images-peripheriques.fr\/#primaryimage\",\"url\":\"https:\/\/atelier-images-peripheriques.fr\/wp-content\/uploads\/2021\/10\/atelier-images-peripheriques-expo-IMG_5064.jpg\",\"contentUrl\":\"https:\/\/atelier-images-peripheriques.fr\/wp-content\/uploads\/2021\/10\/atelier-images-peripheriques-expo-IMG_5064.jpg\",\"width\":1840,\"height\":1840},{\"@type\":\"BreadcrumbList\",\"@id\":\"https:\/\/atelier-images-peripheriques.fr\/#breadcrumb\",\"itemListElement\":[{\"@type\":\"ListItem\",\"position\":1,\"name\":\"Accueil\",\"item\":\"https:\/\/atelier-images-peripheriques.fr\/\"},{\"@type\":\"ListItem\",\"position\":2,\"name\":\"Atelier Images p\u00e9riph\u00e9riques\"}]},{\"@type\":\"WebSite\",\"@id\":\"https:\/\/atelier-images-peripheriques.fr\/#website\",\"url\":\"https:\/\/atelier-images-peripheriques.fr\/\",\"name\":\"Atelier Images p\u00e9ripheriques\",\"description\":\"Atelier d&#039;artistes \/ Espace d&#039;exposition \u00e0 Bagnolet\",\"potentialAction\":[{\"@type\":\"SearchAction\",\"target\":{\"@type\":\"EntryPoint\",\"urlTemplate\":\"https:\/\/atelier-images-peripheriques.fr\/?s={search_term_string}\"},\"query-input\":{\"@type\":\"PropertyValueSpecification\",\"valueRequired\":true,\"valueName\":\"search_term_string\"}}],\"inLanguage\":\"fr-FR\"},{\"@type\":\"Person\",\"@id\":\"https:\/\/atelier-images-peripheriques.fr\/#\/schema\/person\/55183fd1f4ada60456dced1c77139294\",\"name\":\"admin3894\",\"image\":{\"@type\":\"ImageObject\",\"inLanguage\":\"fr-FR\",\"@id\":\"https:\/\/atelier-images-peripheriques.fr\/#\/schema\/person\/image\/\",\"url\":\"https:\/\/secure.gravatar.com\/avatar\/a53bd9d8f2883e9f3dfa7d188730090a5f1aa3f97aee6b9bf315327cc36e2b7d?s=96&d=mm&r=g\",\"contentUrl\":\"https:\/\/secure.gravatar.com\/avatar\/a53bd9d8f2883e9f3dfa7d188730090a5f1aa3f97aee6b9bf315327cc36e2b7d?s=96&d=mm&r=g\",\"caption\":\"admin3894\"},\"url\":\"https:\/\/atelier-images-peripheriques.fr\/?author=1\"}]}<\/script>\n<!-- \/ Yoast SEO plugin. -->","yoast_head_json":{"title":"Atelier Images p\u00e9riph\u00e9riques - Atelier Images p\u00e9ripheriques","description":"Atelier et collectif d'artistes, l'atelier propose un espace d'exposition-galerie \u00e0 Bagnolet, en p\u00e9riph\u00e9rie de Paris, et Montreuil, c'est aussi un espace de transmission avec des cours de dessin dans les Mus\u00e9es.","robots":{"index":"index","follow":"follow","max-snippet":"max-snippet:-1","max-image-preview":"max-image-preview:large","max-video-preview":"max-video-preview:-1"},"canonical":"https:\/\/atelier-images-peripheriques.fr\/","og_locale":"fr_FR","og_type":"article","og_title":"Atelier Images p\u00e9riph\u00e9riques - Atelier Images p\u00e9ripheriques","og_description":"Atelier et collectif d'artistes, l'atelier propose un espace d'exposition-galerie \u00e0 Bagnolet, en p\u00e9riph\u00e9rie de Paris, et Montreuil, c'est aussi un espace de transmission avec des cours de dessin dans les Mus\u00e9es.","og_url":"https:\/\/atelier-images-peripheriques.fr\/","og_site_name":"Atelier Images p\u00e9ripheriques","article_modified_time":"2023-09-22T07:36:56+00:00","og_image":[{"url":"http:\/\/atelier-images-peripheriques.fr\/wp-content\/uploads\/2021\/10\/atelier-images-peripheriques-expo-IMG_5064-1024x1024.jpg","type":"","width":"","height":""}],"twitter_card":"summary_large_image","twitter_misc":{"Dur\u00e9e de lecture estim\u00e9e":"1 minute"},"schema":{"@context":"https:\/\/schema.org","@graph":[{"@type":["WebPage","AboutPage"],"@id":"https:\/\/atelier-images-peripheriques.fr\/","url":"https:\/\/atelier-images-peripheriques.fr\/","name":"Atelier Images p\u00e9riph\u00e9riques - Atelier Images p\u00e9ripheriques","isPartOf":{"@id":"https:\/\/atelier-images-peripheriques.fr\/#website"},"primaryImageOfPage":{"@id":"https:\/\/atelier-images-peripheriques.fr\/#primaryimage"},"image":{"@id":"https:\/\/atelier-images-peripheriques.fr\/#primaryimage"},"thumbnailUrl":"http:\/\/atelier-images-peripheriques.fr\/wp-content\/uploads\/2021\/10\/atelier-images-peripheriques-expo-IMG_5064-1024x1024.jpg","datePublished":"2020-08-30T22:23:45+00:00","dateModified":"2023-09-22T07:36:56+00:00","description":"Atelier et collectif d'artistes, l'atelier propose un espace d'exposition-galerie \u00e0 Bagnolet, en p\u00e9riph\u00e9rie de Paris, et Montreuil, c'est aussi un espace de transmission avec des cours de dessin dans les Mus\u00e9es.","breadcrumb":{"@id":"https:\/\/atelier-images-peripheriques.fr\/#breadcrumb"},"inLanguage":"fr-FR","potentialAction":[{"@type":"ReadAction","target":["https:\/\/atelier-images-peripheriques.fr\/"]}]},{"@type":"ImageObject","inLanguage":"fr-FR","@id":"https:\/\/atelier-images-peripheriques.fr\/#primaryimage","url":"https:\/\/atelier-images-peripheriques.fr\/wp-content\/uploads\/2021\/10\/atelier-images-peripheriques-expo-IMG_5064.jpg","contentUrl":"https:\/\/atelier-images-peripheriques.fr\/wp-content\/uploads\/2021\/10\/atelier-images-peripheriques-expo-IMG_5064.jpg","width":1840,"height":1840},{"@type":"BreadcrumbList","@id":"https:\/\/atelier-images-peripheriques.fr\/#breadcrumb","itemListElement":[{"@type":"ListItem","position":1,"name":"Accueil","item":"https:\/\/atelier-images-peripheriques.fr\/"},{"@type":"ListItem","position":2,"name":"Atelier Images p\u00e9riph\u00e9riques"}]},{"@type":"WebSite","@id":"https:\/\/atelier-images-peripheriques.fr\/#website","url":"https:\/\/atelier-images-peripheriques.fr\/","name":"Atelier Images p\u00e9ripheriques","description":"Atelier d&#039;artistes \/ Espace d&#039;exposition \u00e0 Bagnolet","potentialAction":[{"@type":"SearchAction","target":{"@type":"EntryPoint","urlTemplate":"https:\/\/atelier-images-peripheriques.fr\/?s={search_term_string}"},"query-input":{"@type":"PropertyValueSpecification","valueRequired":true,"valueName":"search_term_string"}}],"inLanguage":"fr-FR"},{"@type":"Person","@id":"https:\/\/atelier-images-peripheriques.fr\/#\/schema\/person\/55183fd1f4ada60456dced1c77139294","name":"admin3894","image":{"@type":"ImageObject","inLanguage":"fr-FR","@id":"https:\/\/atelier-images-peripheriques.fr\/#\/schema\/person\/image\/","url":"https:\/\/secure.gravatar.com\/avatar\/a53bd9d8f2883e9f3dfa7d188730090a5f1aa3f97aee6b9bf315327cc36e2b7d?s=96&d=mm&r=g","contentUrl":"https:\/\/secure.gravatar.com\/avatar\/a53bd9d8f2883e9f3dfa7d188730090a5f1aa3f97aee6b9bf315327cc36e2b7d?s=96&d=mm&r=g","caption":"admin3894"},"url":"https:\/\/atelier-images-peripheriques.fr\/?author=1"}]}},"_links":{"self":[{"href":"https:\/\/atelier-images-peripheriques.fr\/index.php?rest_route=\/wp\/v2\/pages\/20","targetHints":{"allow":["GET"]}}],"collection":[{"href":"https:\/\/atelier-images-peripheriques.fr\/index.php?rest_route=\/wp\/v2\/pages"}],"about":[{"href":"https:\/\/atelier-images-peripheriques.fr\/index.php?rest_route=\/wp\/v2\/types\/page"}],"author":[{"embeddable":true,"href":"https:\/\/atelier-images-peripheriques.fr\/index.php?rest_route=\/wp\/v2\/users\/1"}],"replies":[{"embeddable":true,"href":"https:\/\/atelier-images-peripheriques.fr\/index.php?rest_route=%2Fwp%2Fv2%2Fcomments&post=20"}],"version-history":[{"count":35,"href":"https:\/\/atelier-images-peripheriques.fr\/index.php?rest_route=\/wp\/v2\/pages\/20\/revisions"}],"predecessor-version":[{"id":661,"href":"https:\/\/atelier-images-peripheriques.fr\/index.php?rest_route=\/wp\/v2\/pages\/20\/revisions\/661"}],"wp:attachment":[{"href":"https:\/\/atelier-images-peripheriques.fr\/index.php?rest_route=%2Fwp%2Fv2%2Fmedia&parent=20"}],"curies":[{"name":"wp","href":"https:\/\/api.w.org\/{rel}","templated":true}]}}