{"id":118,"date":"2021-10-15T15:44:10","date_gmt":"2021-10-15T13:44:10","guid":{"rendered":"http:\/\/atelier-images-peripheriques.fr\/?page_id=118"},"modified":"2022-11-25T08:56:36","modified_gmt":"2022-11-25T07:56:36","slug":"le-lieu","status":"publish","type":"page","link":"https:\/\/atelier-images-peripheriques.fr\/?page_id=118","title":{"rendered":"Le lieu"},"content":{"rendered":"\n<p>Install\u00e9s depuis 2000 \u00e0 Bagnolet , les artistes plasticiens Marie Combes &amp; Patrick Renaud, photographes et co-auteurs d&rsquo;\u0153uvres vid\u00e9o ouvrent dans leur atelier un espace Rencontres-Exposition. Espace de travail et de recherche, le collectif invitera d&rsquo;autres artistes pour mettre en perspective les r\u00e9flexions visuelles contemporaines d&rsquo;auteurs entretenant des liens \u00e9troits avec la photographie,  la vid\u00e9o, et plus largement l&rsquo;image. <\/p>\n\n\n<div class=\"wp-block-image\">\n<figure class=\"alignleft size-large is-resized\"><img loading=\"lazy\" decoding=\"async\" src=\"http:\/\/atelier-images-peripheriques.fr\/wp-content\/uploads\/2021\/10\/atelier-images-peripheriques-latelier-IMG_20210724_091218-1024x1024.jpg\" alt=\"\" class=\"wp-image-301\" width=\"615\" height=\"615\" srcset=\"https:\/\/atelier-images-peripheriques.fr\/wp-content\/uploads\/2021\/10\/atelier-images-peripheriques-latelier-IMG_20210724_091218-1024x1024.jpg 1024w, https:\/\/atelier-images-peripheriques.fr\/wp-content\/uploads\/2021\/10\/atelier-images-peripheriques-latelier-IMG_20210724_091218-300x300.jpg 300w, https:\/\/atelier-images-peripheriques.fr\/wp-content\/uploads\/2021\/10\/atelier-images-peripheriques-latelier-IMG_20210724_091218-150x150.jpg 150w, https:\/\/atelier-images-peripheriques.fr\/wp-content\/uploads\/2021\/10\/atelier-images-peripheriques-latelier-IMG_20210724_091218-768x768.jpg 768w, https:\/\/atelier-images-peripheriques.fr\/wp-content\/uploads\/2021\/10\/atelier-images-peripheriques-latelier-IMG_20210724_091218-1536x1536.jpg 1536w, https:\/\/atelier-images-peripheriques.fr\/wp-content\/uploads\/2021\/10\/atelier-images-peripheriques-latelier-IMG_20210724_091218-100x100.jpg 100w, https:\/\/atelier-images-peripheriques.fr\/wp-content\/uploads\/2021\/10\/atelier-images-peripheriques-latelier-IMG_20210724_091218.jpg 1840w\" sizes=\"auto, (max-width: 615px) 100vw, 615px\" \/><\/figure>\n<\/div>\n\n\n<p>L&rsquo;atelier en juillet.<\/p>\n","protected":false},"excerpt":{"rendered":"<p>Install\u00e9s depuis 2000 \u00e0 Bagnolet , les artistes plasticiens Marie Combes &amp; Patrick Renaud, photographes et co-auteurs d&rsquo;\u0153uvres vid\u00e9o ouvrent dans leur atelier un espace Rencontres-Exposition. Espace de travail et de recherche, le collectif invitera d&rsquo;autres artistes pour mettre en perspective les r\u00e9flexions visuelles contemporaines d&rsquo;auteurs entretenant des liens \u00e9troits avec la photographie, la vid\u00e9o, &hellip; <\/p>\n<p class=\"link-more\"><a href=\"https:\/\/atelier-images-peripheriques.fr\/?page_id=118\" class=\"more-link\">Continuer la lecture<span class=\"screen-reader-text\"> de &laquo;&nbsp;Le lieu&nbsp;&raquo;<\/span><\/a><\/p>\n","protected":false},"author":1,"featured_media":0,"parent":0,"menu_order":0,"comment_status":"closed","ping_status":"closed","template":"","meta":{"footnotes":""},"class_list":["post-118","page","type-page","status-publish","hentry"],"yoast_head":"<!-- This site is optimized with the Yoast SEO plugin v24.2 - https:\/\/yoast.com\/wordpress\/plugins\/seo\/ -->\n<title>Le lieu - Atelier Images p\u00e9ripheriques<\/title>\n<meta name=\"description\" content=\"Jardin sur cour-l&#039;atelier en juillet\" \/>\n<meta name=\"robots\" content=\"index, follow, max-snippet:-1, max-image-preview:large, max-video-preview:-1\" \/>\n<link rel=\"canonical\" href=\"https:\/\/atelier-images-peripheriques.fr\/?page_id=118\" \/>\n<meta property=\"og:locale\" content=\"fr_FR\" \/>\n<meta property=\"og:type\" content=\"article\" \/>\n<meta property=\"og:title\" content=\"Le lieu - Atelier Images p\u00e9ripheriques\" \/>\n<meta property=\"og:description\" content=\"Jardin sur cour-l&#039;atelier en juillet\" \/>\n<meta property=\"og:url\" content=\"https:\/\/atelier-images-peripheriques.fr\/?page_id=118\" \/>\n<meta property=\"og:site_name\" content=\"Atelier Images p\u00e9ripheriques\" \/>\n<meta property=\"article:modified_time\" content=\"2022-11-25T07:56:36+00:00\" \/>\n<meta property=\"og:image\" content=\"http:\/\/atelier-images-peripheriques.fr\/wp-content\/uploads\/2021\/10\/atelier-images-peripheriques-latelier-IMG_20210724_091218-1024x1024.jpg\" \/>\n<meta name=\"twitter:card\" content=\"summary_large_image\" \/>\n<meta name=\"twitter:label1\" content=\"Dur\u00e9e de lecture estim\u00e9e\" \/>\n\t<meta name=\"twitter:data1\" content=\"1 minute\" \/>\n<script type=\"application\/ld+json\" class=\"yoast-schema-graph\">{\"@context\":\"https:\/\/schema.org\",\"@graph\":[{\"@type\":\"WebPage\",\"@id\":\"https:\/\/atelier-images-peripheriques.fr\/?page_id=118\",\"url\":\"https:\/\/atelier-images-peripheriques.fr\/?page_id=118\",\"name\":\"Le lieu - Atelier Images p\u00e9ripheriques\",\"isPartOf\":{\"@id\":\"https:\/\/atelier-images-peripheriques.fr\/#website\"},\"primaryImageOfPage\":{\"@id\":\"https:\/\/atelier-images-peripheriques.fr\/?page_id=118#primaryimage\"},\"image\":{\"@id\":\"https:\/\/atelier-images-peripheriques.fr\/?page_id=118#primaryimage\"},\"thumbnailUrl\":\"http:\/\/atelier-images-peripheriques.fr\/wp-content\/uploads\/2021\/10\/atelier-images-peripheriques-latelier-IMG_20210724_091218-1024x1024.jpg\",\"datePublished\":\"2021-10-15T13:44:10+00:00\",\"dateModified\":\"2022-11-25T07:56:36+00:00\",\"description\":\"Jardin sur cour-l'atelier en juillet\",\"breadcrumb\":{\"@id\":\"https:\/\/atelier-images-peripheriques.fr\/?page_id=118#breadcrumb\"},\"inLanguage\":\"fr-FR\",\"potentialAction\":[{\"@type\":\"ReadAction\",\"target\":[\"https:\/\/atelier-images-peripheriques.fr\/?page_id=118\"]}]},{\"@type\":\"ImageObject\",\"inLanguage\":\"fr-FR\",\"@id\":\"https:\/\/atelier-images-peripheriques.fr\/?page_id=118#primaryimage\",\"url\":\"https:\/\/atelier-images-peripheriques.fr\/wp-content\/uploads\/2021\/10\/atelier-images-peripheriques-latelier-IMG_20210724_091218.jpg\",\"contentUrl\":\"https:\/\/atelier-images-peripheriques.fr\/wp-content\/uploads\/2021\/10\/atelier-images-peripheriques-latelier-IMG_20210724_091218.jpg\",\"width\":1840,\"height\":1840},{\"@type\":\"BreadcrumbList\",\"@id\":\"https:\/\/atelier-images-peripheriques.fr\/?page_id=118#breadcrumb\",\"itemListElement\":[{\"@type\":\"ListItem\",\"position\":1,\"name\":\"Accueil\",\"item\":\"https:\/\/atelier-images-peripheriques.fr\/\"},{\"@type\":\"ListItem\",\"position\":2,\"name\":\"Le lieu\"}]},{\"@type\":\"WebSite\",\"@id\":\"https:\/\/atelier-images-peripheriques.fr\/#website\",\"url\":\"https:\/\/atelier-images-peripheriques.fr\/\",\"name\":\"Atelier Images p\u00e9ripheriques\",\"description\":\"Atelier d&#039;artistes \/ Espace d&#039;exposition \u00e0 Bagnolet\",\"potentialAction\":[{\"@type\":\"SearchAction\",\"target\":{\"@type\":\"EntryPoint\",\"urlTemplate\":\"https:\/\/atelier-images-peripheriques.fr\/?s={search_term_string}\"},\"query-input\":{\"@type\":\"PropertyValueSpecification\",\"valueRequired\":true,\"valueName\":\"search_term_string\"}}],\"inLanguage\":\"fr-FR\"}]}<\/script>\n<!-- \/ Yoast SEO plugin. -->","yoast_head_json":{"title":"Le lieu - Atelier Images p\u00e9ripheriques","description":"Jardin sur cour-l'atelier en juillet","robots":{"index":"index","follow":"follow","max-snippet":"max-snippet:-1","max-image-preview":"max-image-preview:large","max-video-preview":"max-video-preview:-1"},"canonical":"https:\/\/atelier-images-peripheriques.fr\/?page_id=118","og_locale":"fr_FR","og_type":"article","og_title":"Le lieu - Atelier Images p\u00e9ripheriques","og_description":"Jardin sur cour-l'atelier en juillet","og_url":"https:\/\/atelier-images-peripheriques.fr\/?page_id=118","og_site_name":"Atelier Images p\u00e9ripheriques","article_modified_time":"2022-11-25T07:56:36+00:00","og_image":[{"url":"http:\/\/atelier-images-peripheriques.fr\/wp-content\/uploads\/2021\/10\/atelier-images-peripheriques-latelier-IMG_20210724_091218-1024x1024.jpg","type":"","width":"","height":""}],"twitter_card":"summary_large_image","twitter_misc":{"Dur\u00e9e de lecture estim\u00e9e":"1 minute"},"schema":{"@context":"https:\/\/schema.org","@graph":[{"@type":"WebPage","@id":"https:\/\/atelier-images-peripheriques.fr\/?page_id=118","url":"https:\/\/atelier-images-peripheriques.fr\/?page_id=118","name":"Le lieu - Atelier Images p\u00e9ripheriques","isPartOf":{"@id":"https:\/\/atelier-images-peripheriques.fr\/#website"},"primaryImageOfPage":{"@id":"https:\/\/atelier-images-peripheriques.fr\/?page_id=118#primaryimage"},"image":{"@id":"https:\/\/atelier-images-peripheriques.fr\/?page_id=118#primaryimage"},"thumbnailUrl":"http:\/\/atelier-images-peripheriques.fr\/wp-content\/uploads\/2021\/10\/atelier-images-peripheriques-latelier-IMG_20210724_091218-1024x1024.jpg","datePublished":"2021-10-15T13:44:10+00:00","dateModified":"2022-11-25T07:56:36+00:00","description":"Jardin sur cour-l'atelier en juillet","breadcrumb":{"@id":"https:\/\/atelier-images-peripheriques.fr\/?page_id=118#breadcrumb"},"inLanguage":"fr-FR","potentialAction":[{"@type":"ReadAction","target":["https:\/\/atelier-images-peripheriques.fr\/?page_id=118"]}]},{"@type":"ImageObject","inLanguage":"fr-FR","@id":"https:\/\/atelier-images-peripheriques.fr\/?page_id=118#primaryimage","url":"https:\/\/atelier-images-peripheriques.fr\/wp-content\/uploads\/2021\/10\/atelier-images-peripheriques-latelier-IMG_20210724_091218.jpg","contentUrl":"https:\/\/atelier-images-peripheriques.fr\/wp-content\/uploads\/2021\/10\/atelier-images-peripheriques-latelier-IMG_20210724_091218.jpg","width":1840,"height":1840},{"@type":"BreadcrumbList","@id":"https:\/\/atelier-images-peripheriques.fr\/?page_id=118#breadcrumb","itemListElement":[{"@type":"ListItem","position":1,"name":"Accueil","item":"https:\/\/atelier-images-peripheriques.fr\/"},{"@type":"ListItem","position":2,"name":"Le lieu"}]},{"@type":"WebSite","@id":"https:\/\/atelier-images-peripheriques.fr\/#website","url":"https:\/\/atelier-images-peripheriques.fr\/","name":"Atelier Images p\u00e9ripheriques","description":"Atelier d&#039;artistes \/ Espace d&#039;exposition \u00e0 Bagnolet","potentialAction":[{"@type":"SearchAction","target":{"@type":"EntryPoint","urlTemplate":"https:\/\/atelier-images-peripheriques.fr\/?s={search_term_string}"},"query-input":{"@type":"PropertyValueSpecification","valueRequired":true,"valueName":"search_term_string"}}],"inLanguage":"fr-FR"}]}},"_links":{"self":[{"href":"https:\/\/atelier-images-peripheriques.fr\/index.php?rest_route=\/wp\/v2\/pages\/118","targetHints":{"allow":["GET"]}}],"collection":[{"href":"https:\/\/atelier-images-peripheriques.fr\/index.php?rest_route=\/wp\/v2\/pages"}],"about":[{"href":"https:\/\/atelier-images-peripheriques.fr\/index.php?rest_route=\/wp\/v2\/types\/page"}],"author":[{"embeddable":true,"href":"https:\/\/atelier-images-peripheriques.fr\/index.php?rest_route=\/wp\/v2\/users\/1"}],"replies":[{"embeddable":true,"href":"https:\/\/atelier-images-peripheriques.fr\/index.php?rest_route=%2Fwp%2Fv2%2Fcomments&post=118"}],"version-history":[{"count":12,"href":"https:\/\/atelier-images-peripheriques.fr\/index.php?rest_route=\/wp\/v2\/pages\/118\/revisions"}],"predecessor-version":[{"id":594,"href":"https:\/\/atelier-images-peripheriques.fr\/index.php?rest_route=\/wp\/v2\/pages\/118\/revisions\/594"}],"wp:attachment":[{"href":"https:\/\/atelier-images-peripheriques.fr\/index.php?rest_route=%2Fwp%2Fv2%2Fmedia&parent=118"}],"curies":[{"name":"wp","href":"https:\/\/api.w.org\/{rel}","templated":true}]}}